{"id":23,"date":"2015-10-22T23:38:30","date_gmt":"2015-10-22T21:38:30","guid":{"rendered":"http:\/\/preview-web01.135198.aweb.preview-site.ch\/?page_id=23"},"modified":"2022-04-04T10:15:30","modified_gmt":"2022-04-04T08:15:30","slug":"sol-kids-beirut-libanon","status":"publish","type":"page","link":"https:\/\/familiengemeinde.ch\/index.php\/sol-kids-beirut-libanon\/","title":{"rendered":"Sol-Kids Beirut, Libanon"},"content":{"rendered":"<div id=\"pl-23\"  class=\"panel-layout\" ><div id=\"pg-23-0\"  class=\"panel-grid panel-no-style\" ><div id=\"pgc-23-0-0\"  class=\"panel-grid-cell\" ><div id=\"panel-23-0-0-0\" class=\"so-panel widget widget_text panel-first-child\" data-index=\"0\" ><h3 class=\"widget-title\">Livenet.ch Jesus.ch und life.de Artikel<\/h3>\t\t\t<div class=\"textwidget\"><p><a href=\"https:\/\/familiengemeinde.ch\/wp-content\/uploads\/2022\/04\/Pastor-Said-Deeb-Libanon-Im-Zentrum-von-Gottes-Willen-www.life_.de_.pdf\"><img fetchpriority=\"high\" decoding=\"async\" fetchpriority=\"high\" class=\"alignnone size-medium wp-image-3678\" src=\"https:\/\/familiengemeinde.ch\/wp-content\/uploads\/2022\/04\/Bildschirmfoto-2022-04-04-um-09.55.20-242x300.png\" alt=\"\" width=\"242\" height=\"300\" srcset=\"https:\/\/familiengemeinde.ch\/wp-content\/uploads\/2022\/04\/Bildschirmfoto-2022-04-04-um-09.55.20-242x300.png 242w, https:\/\/familiengemeinde.ch\/wp-content\/uploads\/2022\/04\/Bildschirmfoto-2022-04-04-um-09.55.20-826x1024.png 826w, https:\/\/familiengemeinde.ch\/wp-content\/uploads\/2022\/04\/Bildschirmfoto-2022-04-04-um-09.55.20-768x952.png 768w, https:\/\/familiengemeinde.ch\/wp-content\/uploads\/2022\/04\/Bildschirmfoto-2022-04-04-um-09.55.20-100x124.png 100w, https:\/\/familiengemeinde.ch\/wp-content\/uploads\/2022\/04\/Bildschirmfoto-2022-04-04-um-09.55.20.png 1016w\" sizes=\"(max-width: 242px) 100vw, 242px\" \/><\/a><\/p>\n<p><a href=\"https:\/\/familiengemeinde.ch\/wp-content\/uploads\/2022\/04\/Pastor-Said-Deeb-Libanon-Im-Zentrum-von-Gottes-Willen-www.life_.de_.pdf\">Pastor Said Deeb &#8211; Libanon: Im Zentrum von Gottes Willen &#8211; www.life.de<\/a><\/p>\n<\/div>\n\t\t<\/div><div id=\"panel-23-0-0-1\" class=\"so-panel widget widget_sow-video\" data-index=\"1\" ><div\n\t\t\t\n\t\t\tclass=\"so-widget-sow-video so-widget-sow-video-default-c08170c47cfb-23\"\n\t\t\t\n\t\t><h3 class=\"widget-title\">Interview mit Pastor Said Deeb \/ english<\/h3>\n<div class=\"sow-video-wrapper\n\">\n\t\t\t<iframe title=\"2022 03 19 Interview with Pastor Said Deeb Beirut Lebanon\" width=\"1200\" height=\"675\" src=\"https:\/\/www.youtube.com\/embed\/dQQgXOuzTyM?feature=oembed&enablejsapi=1\" frameborder=\"0\" allow=\"accelerometer; autoplay; clipboard-write; encrypted-media; gyroscope; picture-in-picture; web-share\" referrerpolicy=\"strict-origin-when-cross-origin\" allowfullscreen allowfullscreen mozallowfullscreen webkitallowfullscreen sandbox=\"allow-scripts allow-same-origin allow-presentation\"><\/iframe>\t<\/div>\n<\/div><\/div><div id=\"panel-23-0-0-2\" class=\"so-panel widget widget_sow-video\" data-index=\"2\" ><div\n\t\t\t\n\t\t\tclass=\"so-widget-sow-video so-widget-sow-video-default-c08170c47cfb-23\"\n\t\t\t\n\t\t><h3 class=\"widget-title\">Missionsreise Libanon<\/h3>\n<div class=\"sow-video-wrapper\n\">\n\t\t\t<iframe title=\"Lebanon   Connection\" width=\"1200\" height=\"675\" src=\"https:\/\/www.youtube.com\/embed\/orm0F9FQEY0?feature=oembed&enablejsapi=1\" frameborder=\"0\" allow=\"accelerometer; autoplay; clipboard-write; encrypted-media; gyroscope; picture-in-picture; web-share\" referrerpolicy=\"strict-origin-when-cross-origin\" allowfullscreen allowfullscreen mozallowfullscreen webkitallowfullscreen sandbox=\"allow-scripts allow-same-origin allow-presentation\"><\/iframe>\t<\/div>\n<\/div><\/div><div id=\"panel-23-0-0-3\" class=\"so-panel widget widget_sow-editor panel-last-child\" data-index=\"3\" ><div\n\t\t\t\n\t\t\tclass=\"so-widget-sow-editor so-widget-sow-editor-base\"\n\t\t\t\n\t\t>\n<div class=\"siteorigin-widget-tinymce textwidget\">\n\t<h2>Wir unterst\u00fctzen \"SOL KIDS BEIRUT, LIBANON\"<\/h2>\n<table cellspacing=\"0\" cellpadding=\"0\">\n<tbody>\n<tr>\n<td style=\"text-align: justify;\" valign=\"top\" width=\"50%\"><b>Wie alles begann\u2026<br \/><\/b>Vor einigen Jahren begannen wir, uns in unterentwickelten Gebieten in Libanon (Nabaa) zu engagieren. In Folge traten immer mehr Familien mit der Bitte um Hilfe an uns heran. So mieteten wir mit Gottes Hilfe und der Unterst\u00fctzung von Freunden zwei R\u00e4ume. Daraus entstand im M\u00e4rz 2006 das Spring of Life\u201c Center. Von Anfang an organisierten wir Sommerfreizeiten f\u00fcr Kinder, welche teilweise unter grossen physischen, psychischen Defiziten leiden. Dadurch gewannen wir das Vertrauen vieler Familien. Im Dezember 2008 wurden wir von \u201eIman Muabadal\u201c aufgenommen; einer registrierten gemeinn\u00fctzigen Organisation im Libanon, welche grosse soziale Einrichtungen in Nabaa und Bourj Hammoud unterh\u00e4lt. Im M\u00e4rz 2010 bauten wir unsere zwei R\u00e4ume aus und \u201eSpring of Life\u201c wurde ein Teil vom Life Center in Bourj Hammoud. Dort werden nun t\u00e4glich 100 gef\u00e4hrdete Kinder mit unterschiedlichem kulturellem und religi\u00f6sem Hintergrund im Alter von 6 \u2013 14 Jahren ausgebildet; mit Essen versorgt und betreut. Die Kinder sind in zwei Programme aufgeteilt: Ein Morgenprogramm f\u00fcr eine Ersatzausbildung und ein Nachmittags Programm f\u00fcr Hausaufgabenunterst\u00fctzung. Die meisten der Kinder kommen aus armen und zerr\u00fctteten Familienverh\u00e4ltnissen. Einige Kinder k\u00f6nnen keine \u00f6ffentlichen Schulen besuchen, da sie nicht die richtigen Dokumente besitzen. Andere Kinder sind wiederholt durchgefallen, weisen Verhaltensprobleme auf oder erhalten zu Hause keine Unterst\u00fctzung.<b>Gesellschaftliche Verantwortung<\/b><br \/>Indem wir eine f\u00fcrsorgliche und liebevolle Atmosph\u00e4re schaffen, zeigen wir den Kindern auf, wie wichtig ihre Entscheidungen und Handlungen sind. Wir leben die Kinder vor, dass sie ihr Leben nur dann erfolgreich meistern k\u00f6nnen, wenn sie sich auch f\u00fcr andere einsetzen. Unsere Kinder sind neugierig mehr \u00fcber die Welt zu erfahren und wollen sich in die Gesellschaft integrieren.<\/p>\n<p><b>Ersatz-Ausbildung<\/b><br \/>Teil unseres t\u00e4glichen Programms ist die Ersatz-Ausbildung und das Sozialisierungsprogramms mit folgenden Schwerpunkten:<br \/>\u2022 Eine positive Haltung gegen\u00fcber Bildung und Gesellschaft entwickeln.<br \/>\u2022 Kenntnis der neuzeitlichen Techniken<br \/>\u2022 Sozialkompetenz erwerben<\/p>\n<p><b>Zus\u00e4tzliche Versorgung<\/b><br \/>Als Erg\u00e4nzung zum schulischen Programm versorgen wir die Kinder t\u00e4glich mit einem gesunden Mittagessen. Die Kinder und ihre Familien erhalten zudem freie medizinische Betreuung durch die \u201eLife Clinic\u201c in Zusammenarbeit mit \u201eTahddi\u201c. Bei Bedarf erhalten sie Kleiderspenden. Immer wieder veranstalten wir Ausfl\u00fcge.<\/p>\n<\/td>\n<td valign=\"top\" width=\"50%\"><b>Sommer Camps<\/b><br \/>Jedes Jahr geben wir den Kindern die M\u00f6glichkeit an einem abenteurlichen Sommercamp teilzunehmen. Nebst gemeinsamen Mahlzeiten kommen auch Spiel und Spass nicht zu kurz. Gesch\u00e4ftsleute unterst\u00fctzen diese Camps, so dass wir sie den Kindern kostenlos anbieten k\u00f6nnen.<\/p>\n<p style=\"text-align: justify;\"><b>Eine neue Generation<\/b><br \/>Seitdem wir unsere T\u00fcren in 2006 \u00f6ffneten, sind viele von diesen Kindern zu jungen Erwachsenen herangewachsen. Sie tragen ihren Teil in der libanesischen Gesellschaft bei und helfen im \u201eSpring of Life\u201c Programm mit. Viele von Ihnen vollen Lehrer werden, damit sie auch die M\u00f6glichkeit haben, Kindern zu helfen. Mit Ihrem Beitrag geben diese jungen Leute das weiter, was sie selber erfahren haben und leisten damit einen wichtigen Teil in der Gesellschaft. Solche Beispiele ermutigen uns in unserer Arbeit, die Kinder in ihr Erwachsenwerden zu begleiten.<\/p>\n<p style=\"text-align: justify;\"><b>Unsere Botschaft: Kinder zum Erfolg zu helfen<br \/><\/b>Von Beginn an haben wir jedes Kind wie unser eigenes geliebt und ihnen die Hoffnung und Tr\u00e4um, die wir f\u00fcr jedes Einzelne haben vermittelt. Kinder sind motiviert und begeistert, wenn sie merken, dass man sich um sie k\u00fcmmert. Wenn Du Dich an Deine Tage als Kind erinnerst, wirst Du bemerken, dass F\u00fcrsorge und Liebe von Menschen Dich motiviert haben, dass zu werden was Du heute bist. Daher ist unsere Botschaft, Leben weiter zu geben, welches den Kindern ein erf\u00fclltes Leben schenkt jeden Tag.<\/p>\n<p style=\"text-align: justify;\"><b>Hoffnung f\u00fcr die Zukunft<\/b><br \/>Alle diese Kinder ben\u00f6tigen jemand, der an sie glaubt und sie ausr\u00fcstet um h\u00f6here Ziele im Leben zu erreichen. Du k\u00f6nntest dieser Eine sein, der einen Unterschied im Leben mindestens eines Kindes macht, indem Du uns im Gebet und\/oder finanziell unterst\u00fctzt.<\/p>\n<p style=\"text-align: justify;\"><b>Noch mehr Kinder<\/b><br \/>Wenn wir ein Kind lieben, umsorgen und ausbilden geben wir ihm die M\u00f6glichkeit bessere Lebensziele zu erreichen. Eines unserer Hauptziele ist es, so viele Kinder wie m\u00f6glich aus den Armen Gebieten in Libanon zu erreichen. Sehr viele Familien sind interessiert daran, dass ihre Kinder an unserm Programm teilnehmen. Mit unseren heutigen R\u00e4umlichkeiten k\u00f6nnten wir doppelt so viele Kinder aufnehmen, aber wir brauchen dringend mehr Lehrer. Mit Deinem Beitrag ist es m\u00f6glich, diesen Kindern, Liebe, F\u00fcrsorge und Ausbildung zu erm\u00f6glichen.<\/p>\n<p style=\"text-align: justify;\"><a title=\"\" href=\"http:\/\/www.sol-kids.com\/\" target=\"_blank\" rel=\"noopener\">www.sol-kids.com<\/a><\/p>\n<\/td>\n<\/tr>\n<\/tbody>\n<\/table>\n<\/div>\n<\/div><\/div><\/div><\/div><\/div>","protected":false},"excerpt":{"rendered":"<p>Pastor Said Deeb &#8211; Libanon: Im Zentrum von Gottes Willen &#8211; www.life.de Wir unterst\u00fctzen &#8222;SOL KIDS BEIRUT, LIBANON&#8220;Wie alles begann\u2026Vor einigen Jahren begannen wir, uns in unterentwickelten Gebieten in Libanon (Nabaa) zu engagieren. In Folge traten immer mehr Familien mit der Bitte um Hilfe an uns heran. So mieteten wir mit Gottes Hilfe und der [&hellip;]<\/p>\n","protected":false},"author":1,"featured_media":0,"parent":0,"menu_order":0,"comment_status":"closed","ping_status":"closed","template":"","meta":{"footnotes":""},"class_list":["post-23","page","type-page","status-publish","hentry","entry"],"yoast_head":"<!-- This site is optimized with the Yoast SEO plugin v27.6 - https:\/\/yoast.com\/product\/yoast-seo-wordpress\/ -->\n<title>Sol-Kids Beirut, Libanon - Familiengemeinde<\/title>\n<meta name=\"robots\" content=\"index, follow, max-snippet:-1, max-image-preview:large, max-video-preview:-1\" \/>\n<link rel=\"canonical\" href=\"https:\/\/familiengemeinde.ch\/index.php\/sol-kids-beirut-libanon\/\" \/>\n<meta property=\"og:locale\" content=\"de_DE\" \/>\n<meta property=\"og:type\" content=\"article\" \/>\n<meta property=\"og:title\" content=\"Sol-Kids Beirut, Libanon - Familiengemeinde\" \/>\n<meta property=\"og:description\" content=\"Pastor Said Deeb - Libanon: Im Zentrum von Gottes Willen - www.life.de Wir unterst\u00fctzen &quot;SOL KIDS BEIRUT, LIBANON&quot;Wie alles begann\u2026Vor einigen Jahren begannen wir, uns in unterentwickelten Gebieten in Libanon (Nabaa) zu engagieren. In Folge traten immer mehr Familien mit der Bitte um Hilfe an uns heran. So mieteten wir mit Gottes Hilfe und der [&hellip;]\" \/>\n<meta property=\"og:url\" content=\"https:\/\/familiengemeinde.ch\/index.php\/sol-kids-beirut-libanon\/\" \/>\n<meta property=\"og:site_name\" content=\"Familiengemeinde\" \/>\n<meta property=\"article:modified_time\" content=\"2022-04-04T08:15:30+00:00\" \/>\n<meta property=\"og:image\" content=\"https:\/\/familiengemeinde.ch\/wp-content\/uploads\/2022\/04\/Bildschirmfoto-2022-04-04-um-09.55.20-242x300.png\" \/>\n<meta name=\"twitter:card\" content=\"summary_large_image\" \/>\n<meta name=\"twitter:label1\" content=\"Gesch\u00e4tzte Lesezeit\" \/>\n\t<meta name=\"twitter:data1\" content=\"4\u00a0Minuten\" \/>\n<script type=\"application\/ld+json\" class=\"yoast-schema-graph\">{\"@context\":\"https:\\\/\\\/schema.org\",\"@graph\":[{\"@type\":\"WebPage\",\"@id\":\"https:\\\/\\\/familiengemeinde.ch\\\/index.php\\\/sol-kids-beirut-libanon\\\/\",\"url\":\"https:\\\/\\\/familiengemeinde.ch\\\/index.php\\\/sol-kids-beirut-libanon\\\/\",\"name\":\"Sol-Kids Beirut, Libanon - Familiengemeinde\",\"isPartOf\":{\"@id\":\"https:\\\/\\\/familiengemeinde.ch\\\/#website\"},\"primaryImageOfPage\":{\"@id\":\"https:\\\/\\\/familiengemeinde.ch\\\/index.php\\\/sol-kids-beirut-libanon\\\/#primaryimage\"},\"image\":{\"@id\":\"https:\\\/\\\/familiengemeinde.ch\\\/index.php\\\/sol-kids-beirut-libanon\\\/#primaryimage\"},\"thumbnailUrl\":\"https:\\\/\\\/familiengemeinde.ch\\\/wp-content\\\/uploads\\\/2022\\\/04\\\/Bildschirmfoto-2022-04-04-um-09.55.20-242x300.png\",\"datePublished\":\"2015-10-22T21:38:30+00:00\",\"dateModified\":\"2022-04-04T08:15:30+00:00\",\"breadcrumb\":{\"@id\":\"https:\\\/\\\/familiengemeinde.ch\\\/index.php\\\/sol-kids-beirut-libanon\\\/#breadcrumb\"},\"inLanguage\":\"de\",\"potentialAction\":[{\"@type\":\"ReadAction\",\"target\":[\"https:\\\/\\\/familiengemeinde.ch\\\/index.php\\\/sol-kids-beirut-libanon\\\/\"]}]},{\"@type\":\"ImageObject\",\"inLanguage\":\"de\",\"@id\":\"https:\\\/\\\/familiengemeinde.ch\\\/index.php\\\/sol-kids-beirut-libanon\\\/#primaryimage\",\"url\":\"https:\\\/\\\/familiengemeinde.ch\\\/wp-content\\\/uploads\\\/2022\\\/04\\\/Bildschirmfoto-2022-04-04-um-09.55.20.png\",\"contentUrl\":\"https:\\\/\\\/familiengemeinde.ch\\\/wp-content\\\/uploads\\\/2022\\\/04\\\/Bildschirmfoto-2022-04-04-um-09.55.20.png\",\"width\":1016,\"height\":1260},{\"@type\":\"BreadcrumbList\",\"@id\":\"https:\\\/\\\/familiengemeinde.ch\\\/index.php\\\/sol-kids-beirut-libanon\\\/#breadcrumb\",\"itemListElement\":[{\"@type\":\"ListItem\",\"position\":1,\"name\":\"Startseite\",\"item\":\"https:\\\/\\\/familiengemeinde.ch\\\/\"},{\"@type\":\"ListItem\",\"position\":2,\"name\":\"Sol-Kids Beirut, Libanon\"}]},{\"@type\":\"WebSite\",\"@id\":\"https:\\\/\\\/familiengemeinde.ch\\\/#website\",\"url\":\"https:\\\/\\\/familiengemeinde.ch\\\/\",\"name\":\"Familiengemeinde Langenthal\",\"description\":\"Freikirche in Langenthal\",\"publisher\":{\"@id\":\"https:\\\/\\\/familiengemeinde.ch\\\/#organization\"},\"potentialAction\":[{\"@type\":\"SearchAction\",\"target\":{\"@type\":\"EntryPoint\",\"urlTemplate\":\"https:\\\/\\\/familiengemeinde.ch\\\/?s={search_term_string}\"},\"query-input\":{\"@type\":\"PropertyValueSpecification\",\"valueRequired\":true,\"valueName\":\"search_term_string\"}}],\"inLanguage\":\"de\"},{\"@type\":\"Organization\",\"@id\":\"https:\\\/\\\/familiengemeinde.ch\\\/#organization\",\"name\":\"Familiengemeinde Langenthal\",\"url\":\"https:\\\/\\\/familiengemeinde.ch\\\/\",\"logo\":{\"@type\":\"ImageObject\",\"inLanguage\":\"de\",\"@id\":\"https:\\\/\\\/familiengemeinde.ch\\\/#\\\/schema\\\/logo\\\/image\\\/\",\"url\":\"https:\\\/\\\/familiengemeinde.ch\\\/wp-content\\\/uploads\\\/2015\\\/10\\\/familiengemeinde_logo-2.png\",\"contentUrl\":\"https:\\\/\\\/familiengemeinde.ch\\\/wp-content\\\/uploads\\\/2015\\\/10\\\/familiengemeinde_logo-2.png\",\"width\":1868,\"height\":384,\"caption\":\"Familiengemeinde Langenthal\"},\"image\":{\"@id\":\"https:\\\/\\\/familiengemeinde.ch\\\/#\\\/schema\\\/logo\\\/image\\\/\"}}]}<\/script>\n<!-- \/ Yoast SEO plugin. -->","yoast_head_json":{"title":"Sol-Kids Beirut, Libanon - Familiengemeinde","robots":{"index":"index","follow":"follow","max-snippet":"max-snippet:-1","max-image-preview":"max-image-preview:large","max-video-preview":"max-video-preview:-1"},"canonical":"https:\/\/familiengemeinde.ch\/index.php\/sol-kids-beirut-libanon\/","og_locale":"de_DE","og_type":"article","og_title":"Sol-Kids Beirut, Libanon - Familiengemeinde","og_description":"Pastor Said Deeb - Libanon: Im Zentrum von Gottes Willen - www.life.de Wir unterst\u00fctzen \"SOL KIDS BEIRUT, LIBANON\"Wie alles begann\u2026Vor einigen Jahren begannen wir, uns in unterentwickelten Gebieten in Libanon (Nabaa) zu engagieren. In Folge traten immer mehr Familien mit der Bitte um Hilfe an uns heran. So mieteten wir mit Gottes Hilfe und der [&hellip;]","og_url":"https:\/\/familiengemeinde.ch\/index.php\/sol-kids-beirut-libanon\/","og_site_name":"Familiengemeinde","article_modified_time":"2022-04-04T08:15:30+00:00","og_image":[{"url":"https:\/\/familiengemeinde.ch\/wp-content\/uploads\/2022\/04\/Bildschirmfoto-2022-04-04-um-09.55.20-242x300.png","type":"","width":"","height":""}],"twitter_card":"summary_large_image","twitter_misc":{"Gesch\u00e4tzte Lesezeit":"4\u00a0Minuten"},"schema":{"@context":"https:\/\/schema.org","@graph":[{"@type":"WebPage","@id":"https:\/\/familiengemeinde.ch\/index.php\/sol-kids-beirut-libanon\/","url":"https:\/\/familiengemeinde.ch\/index.php\/sol-kids-beirut-libanon\/","name":"Sol-Kids Beirut, Libanon - Familiengemeinde","isPartOf":{"@id":"https:\/\/familiengemeinde.ch\/#website"},"primaryImageOfPage":{"@id":"https:\/\/familiengemeinde.ch\/index.php\/sol-kids-beirut-libanon\/#primaryimage"},"image":{"@id":"https:\/\/familiengemeinde.ch\/index.php\/sol-kids-beirut-libanon\/#primaryimage"},"thumbnailUrl":"https:\/\/familiengemeinde.ch\/wp-content\/uploads\/2022\/04\/Bildschirmfoto-2022-04-04-um-09.55.20-242x300.png","datePublished":"2015-10-22T21:38:30+00:00","dateModified":"2022-04-04T08:15:30+00:00","breadcrumb":{"@id":"https:\/\/familiengemeinde.ch\/index.php\/sol-kids-beirut-libanon\/#breadcrumb"},"inLanguage":"de","potentialAction":[{"@type":"ReadAction","target":["https:\/\/familiengemeinde.ch\/index.php\/sol-kids-beirut-libanon\/"]}]},{"@type":"ImageObject","inLanguage":"de","@id":"https:\/\/familiengemeinde.ch\/index.php\/sol-kids-beirut-libanon\/#primaryimage","url":"https:\/\/familiengemeinde.ch\/wp-content\/uploads\/2022\/04\/Bildschirmfoto-2022-04-04-um-09.55.20.png","contentUrl":"https:\/\/familiengemeinde.ch\/wp-content\/uploads\/2022\/04\/Bildschirmfoto-2022-04-04-um-09.55.20.png","width":1016,"height":1260},{"@type":"BreadcrumbList","@id":"https:\/\/familiengemeinde.ch\/index.php\/sol-kids-beirut-libanon\/#breadcrumb","itemListElement":[{"@type":"ListItem","position":1,"name":"Startseite","item":"https:\/\/familiengemeinde.ch\/"},{"@type":"ListItem","position":2,"name":"Sol-Kids Beirut, Libanon"}]},{"@type":"WebSite","@id":"https:\/\/familiengemeinde.ch\/#website","url":"https:\/\/familiengemeinde.ch\/","name":"Familiengemeinde Langenthal","description":"Freikirche in Langenthal","publisher":{"@id":"https:\/\/familiengemeinde.ch\/#organization"},"potentialAction":[{"@type":"SearchAction","target":{"@type":"EntryPoint","urlTemplate":"https:\/\/familiengemeinde.ch\/?s={search_term_string}"},"query-input":{"@type":"PropertyValueSpecification","valueRequired":true,"valueName":"search_term_string"}}],"inLanguage":"de"},{"@type":"Organization","@id":"https:\/\/familiengemeinde.ch\/#organization","name":"Familiengemeinde Langenthal","url":"https:\/\/familiengemeinde.ch\/","logo":{"@type":"ImageObject","inLanguage":"de","@id":"https:\/\/familiengemeinde.ch\/#\/schema\/logo\/image\/","url":"https:\/\/familiengemeinde.ch\/wp-content\/uploads\/2015\/10\/familiengemeinde_logo-2.png","contentUrl":"https:\/\/familiengemeinde.ch\/wp-content\/uploads\/2015\/10\/familiengemeinde_logo-2.png","width":1868,"height":384,"caption":"Familiengemeinde Langenthal"},"image":{"@id":"https:\/\/familiengemeinde.ch\/#\/schema\/logo\/image\/"}}]}},"_links":{"self":[{"href":"https:\/\/familiengemeinde.ch\/index.php\/wp-json\/wp\/v2\/pages\/23","targetHints":{"allow":["GET"]}}],"collection":[{"href":"https:\/\/familiengemeinde.ch\/index.php\/wp-json\/wp\/v2\/pages"}],"about":[{"href":"https:\/\/familiengemeinde.ch\/index.php\/wp-json\/wp\/v2\/types\/page"}],"author":[{"embeddable":true,"href":"https:\/\/familiengemeinde.ch\/index.php\/wp-json\/wp\/v2\/users\/1"}],"replies":[{"embeddable":true,"href":"https:\/\/familiengemeinde.ch\/index.php\/wp-json\/wp\/v2\/comments?post=23"}],"version-history":[{"count":13,"href":"https:\/\/familiengemeinde.ch\/index.php\/wp-json\/wp\/v2\/pages\/23\/revisions"}],"predecessor-version":[{"id":227,"href":"https:\/\/familiengemeinde.ch\/index.php\/wp-json\/wp\/v2\/pages\/23\/revisions\/227"}],"wp:attachment":[{"href":"https:\/\/familiengemeinde.ch\/index.php\/wp-json\/wp\/v2\/media?parent=23"}],"curies":[{"name":"wp","href":"https:\/\/api.w.org\/{rel}","templated":true}]}}