{"id":4168,"date":"2023-04-12T19:36:54","date_gmt":"2023-04-12T17:36:54","guid":{"rendered":"https:\/\/familiengemeinde.ch\/?page_id=4168"},"modified":"2023-05-11T09:36:50","modified_gmt":"2023-05-11T07:36:50","slug":"impressum","status":"publish","type":"page","link":"https:\/\/familiengemeinde.ch\/index.php\/impressum\/","title":{"rendered":"Impressum"},"content":{"rendered":"\t\t<div data-elementor-type=\"wp-page\" data-elementor-id=\"4168\" class=\"elementor elementor-4168\" data-elementor-post-type=\"page\">\n\t\t\t\t\t\t<section class=\"elementor-section elementor-top-section elementor-element elementor-element-b1dd016 elementor-section-boxed elementor-section-height-default elementor-section-height-default\" data-id=\"b1dd016\" data-element_type=\"section\" data-e-type=\"section\">\n\t\t\t\t\t\t<div class=\"elementor-container elementor-column-gap-default\">\n\t\t\t\t\t<div class=\"elementor-column elementor-col-100 elementor-top-column elementor-element elementor-element-ef6a917\" data-id=\"ef6a917\" data-element_type=\"column\" data-e-type=\"column\">\n\t\t\t<div class=\"elementor-widget-wrap elementor-element-populated\">\n\t\t\t\t\t\t<div class=\"elementor-element elementor-element-ed3bb0e elementor-widget elementor-widget-heading\" data-id=\"ed3bb0e\" data-element_type=\"widget\" data-e-type=\"widget\" data-widget_type=\"heading.default\">\n\t\t\t\t<div class=\"elementor-widget-container\">\n\t\t\t\t\t<h2 class=\"elementor-heading-title elementor-size-default\">Impressum<\/h2>\t\t\t\t<\/div>\n\t\t\t\t<\/div>\n\t\t\t\t<div class=\"elementor-element elementor-element-fac32d9 elementor-widget elementor-widget-text-editor\" data-id=\"fac32d9\" data-element_type=\"widget\" data-e-type=\"widget\" data-widget_type=\"text-editor.default\">\n\t\t\t\t<div class=\"elementor-widget-container\">\n\t\t\t\t\t\t\t\t\t<p><b>Verantwortliche Instanz:<\/b><br>Thomas Lohnke<br>Bleienbachstrasse 8<br>4900 Langenthal<br>Schweiz<\/p>\n<p><strong>E-Mail<\/strong>: info@familiengemeinde.ch<br><strong>Telefon:<\/strong>&nbsp;+41 62 923 24 14&nbsp;<\/p>\n<p><strong>Haftungsausschluss<\/strong><br>Der Autor \u00fcbernimmt keine Gew\u00e4hr f\u00fcr die Richtigkeit, Genauigkeit, Aktualit\u00e4t, Zuverl\u00e4ssigkeit und Vollst\u00e4ndigkeit der Informationen.<br>Haftungsanspr\u00fcche gegen den Autor wegen Sch\u00e4den materieller oder immaterieller Art, die aus dem Zugriff oder der Nutzung bzw. Nichtnutzung der ver\u00f6ffentlichten Informationen, durch Missbrauch der Verbindung oder durch technische St\u00f6rungen entstanden sind, werden ausgeschlossen.<\/p>\n<p>Alle Angebote sind freibleibend. Der Autor beh\u00e4lt es sich ausdr\u00fccklich vor, Teile der Seiten oder das gesamte Angebot ohne gesonderte Ank\u00fcndigung zu ver\u00e4ndern, zu erg\u00e4nzen, zu l\u00f6schen oder die Ver\u00f6ffentlichung zeitweise oder endg\u00fcltig einzustellen.<\/p>\n<p><strong>Haftungsausschluss f\u00fcr Inhalte und Links<\/strong><br>Verweise und Links auf Webseiten Dritter liegen ausserhalb unseres Verantwortungsbereichs. Es wird jegliche Verantwortung f\u00fcr solche Webseiten abgelehnt. Der Zugriff und die Nutzung solcher Webseiten erfolgen auf eigene Gefahr des jeweiligen Nutzers.<\/p>\n<p><strong>Urheberrechtserkl\u00e4rung<\/strong><br>Die Urheber- und alle anderen Rechte an Inhalten, Bildern, Fotos oder anderen Dateien auf dieser Website, geh\u00f6ren ausschliesslich Thomas Lohnke oder den speziell genannten Rechteinhabern. F\u00fcr die Reproduktion jeglicher Elemente ist die schriftliche Zustimmung des Urheberrechtstr\u00e4gers im Voraus einzuholen.<\/p>\n<p><strong>Quelle<\/strong>: <a style=\"color: inherit; text-decoration: none;\" href=\"https:\/\/brainbox.swiss\/\" rel=\"nofollow\">BrainBox Solutions<\/a><\/p>\t\t\t\t\t\t\t\t<\/div>\n\t\t\t\t<\/div>\n\t\t\t\t\t<\/div>\n\t\t<\/div>\n\t\t\t\t\t<\/div>\n\t\t<\/section>\n\t\t\t\t<section class=\"elementor-section elementor-top-section elementor-element elementor-element-72960b1 elementor-section-boxed elementor-section-height-default elementor-section-height-default\" data-id=\"72960b1\" data-element_type=\"section\" data-e-type=\"section\">\n\t\t\t\t\t\t<div class=\"elementor-container elementor-column-gap-default\">\n\t\t\t\t\t<div class=\"elementor-column elementor-col-100 elementor-top-column elementor-element elementor-element-6664045\" data-id=\"6664045\" data-element_type=\"column\" data-e-type=\"column\">\n\t\t\t<div class=\"elementor-widget-wrap elementor-element-populated\">\n\t\t\t\t\t\t<div class=\"elementor-element elementor-element-a2bd046 elementor-widget elementor-widget-spacer\" data-id=\"a2bd046\" data-element_type=\"widget\" data-e-type=\"widget\" data-widget_type=\"spacer.default\">\n\t\t\t\t<div class=\"elementor-widget-container\">\n\t\t\t\t\t\t\t<div class=\"elementor-spacer\">\n\t\t\t<div class=\"elementor-spacer-inner\"><\/div>\n\t\t<\/div>\n\t\t\t\t\t\t<\/div>\n\t\t\t\t<\/div>\n\t\t\t\t\t<\/div>\n\t\t<\/div>\n\t\t\t\t\t<\/div>\n\t\t<\/section>\n\t\t\t\t<\/div>\n\t\t","protected":false},"excerpt":{"rendered":"<p>Impressum Verantwortliche Instanz:Thomas LohnkeBleienbachstrasse 84900 LangenthalSchweiz E-Mail: info@familiengemeinde.chTelefon:&nbsp;+41 62 923 24 14&nbsp; HaftungsausschlussDer Autor \u00fcbernimmt keine Gew\u00e4hr f\u00fcr die Richtigkeit, Genauigkeit, Aktualit\u00e4t, Zuverl\u00e4ssigkeit und Vollst\u00e4ndigkeit der Informationen.Haftungsanspr\u00fcche gegen den Autor wegen Sch\u00e4den materieller oder immaterieller Art, die aus dem Zugriff oder der Nutzung bzw. Nichtnutzung der ver\u00f6ffentlichten Informationen, durch Missbrauch der Verbindung oder durch technische [&hellip;]<\/p>\n","protected":false},"author":1,"featured_media":0,"parent":0,"menu_order":0,"comment_status":"closed","ping_status":"closed","template":"","meta":{"footnotes":""},"class_list":["post-4168","page","type-page","status-publish","hentry","entry"],"yoast_head":"<!-- This site is optimized with the Yoast SEO plugin v27.6 - https:\/\/yoast.com\/product\/yoast-seo-wordpress\/ -->\n<title>Impressum - Familiengemeinde<\/title>\n<meta name=\"robots\" content=\"index, follow, max-snippet:-1, max-image-preview:large, max-video-preview:-1\" \/>\n<link rel=\"canonical\" href=\"https:\/\/familiengemeinde.ch\/index.php\/impressum\/\" \/>\n<meta property=\"og:locale\" content=\"de_DE\" \/>\n<meta property=\"og:type\" content=\"article\" \/>\n<meta property=\"og:title\" content=\"Impressum - Familiengemeinde\" \/>\n<meta property=\"og:description\" content=\"Impressum Verantwortliche Instanz:Thomas LohnkeBleienbachstrasse 84900 LangenthalSchweiz E-Mail: info@familiengemeinde.chTelefon:&nbsp;+41 62 923 24 14&nbsp; HaftungsausschlussDer Autor \u00fcbernimmt keine Gew\u00e4hr f\u00fcr die Richtigkeit, Genauigkeit, Aktualit\u00e4t, Zuverl\u00e4ssigkeit und Vollst\u00e4ndigkeit der Informationen.Haftungsanspr\u00fcche gegen den Autor wegen Sch\u00e4den materieller oder immaterieller Art, die aus dem Zugriff oder der Nutzung bzw. Nichtnutzung der ver\u00f6ffentlichten Informationen, durch Missbrauch der Verbindung oder durch technische [&hellip;]\" \/>\n<meta property=\"og:url\" content=\"https:\/\/familiengemeinde.ch\/index.php\/impressum\/\" \/>\n<meta property=\"og:site_name\" content=\"Familiengemeinde\" \/>\n<meta property=\"article:modified_time\" content=\"2023-05-11T07:36:50+00:00\" \/>\n<meta name=\"twitter:card\" content=\"summary_large_image\" \/>\n<meta name=\"twitter:label1\" content=\"Gesch\u00e4tzte Lesezeit\" \/>\n\t<meta name=\"twitter:data1\" content=\"2\u00a0Minuten\" \/>\n<script type=\"application\/ld+json\" class=\"yoast-schema-graph\">{\"@context\":\"https:\\\/\\\/schema.org\",\"@graph\":[{\"@type\":\"WebPage\",\"@id\":\"https:\\\/\\\/familiengemeinde.ch\\\/index.php\\\/impressum\\\/\",\"url\":\"https:\\\/\\\/familiengemeinde.ch\\\/index.php\\\/impressum\\\/\",\"name\":\"Impressum - Familiengemeinde\",\"isPartOf\":{\"@id\":\"https:\\\/\\\/familiengemeinde.ch\\\/#website\"},\"datePublished\":\"2023-04-12T17:36:54+00:00\",\"dateModified\":\"2023-05-11T07:36:50+00:00\",\"breadcrumb\":{\"@id\":\"https:\\\/\\\/familiengemeinde.ch\\\/index.php\\\/impressum\\\/#breadcrumb\"},\"inLanguage\":\"de\",\"potentialAction\":[{\"@type\":\"ReadAction\",\"target\":[\"https:\\\/\\\/familiengemeinde.ch\\\/index.php\\\/impressum\\\/\"]}]},{\"@type\":\"BreadcrumbList\",\"@id\":\"https:\\\/\\\/familiengemeinde.ch\\\/index.php\\\/impressum\\\/#breadcrumb\",\"itemListElement\":[{\"@type\":\"ListItem\",\"position\":1,\"name\":\"Startseite\",\"item\":\"https:\\\/\\\/familiengemeinde.ch\\\/\"},{\"@type\":\"ListItem\",\"position\":2,\"name\":\"Impressum\"}]},{\"@type\":\"WebSite\",\"@id\":\"https:\\\/\\\/familiengemeinde.ch\\\/#website\",\"url\":\"https:\\\/\\\/familiengemeinde.ch\\\/\",\"name\":\"Familiengemeinde Langenthal\",\"description\":\"Freikirche in Langenthal\",\"publisher\":{\"@id\":\"https:\\\/\\\/familiengemeinde.ch\\\/#organization\"},\"potentialAction\":[{\"@type\":\"SearchAction\",\"target\":{\"@type\":\"EntryPoint\",\"urlTemplate\":\"https:\\\/\\\/familiengemeinde.ch\\\/?s={search_term_string}\"},\"query-input\":{\"@type\":\"PropertyValueSpecification\",\"valueRequired\":true,\"valueName\":\"search_term_string\"}}],\"inLanguage\":\"de\"},{\"@type\":\"Organization\",\"@id\":\"https:\\\/\\\/familiengemeinde.ch\\\/#organization\",\"name\":\"Familiengemeinde Langenthal\",\"url\":\"https:\\\/\\\/familiengemeinde.ch\\\/\",\"logo\":{\"@type\":\"ImageObject\",\"inLanguage\":\"de\",\"@id\":\"https:\\\/\\\/familiengemeinde.ch\\\/#\\\/schema\\\/logo\\\/image\\\/\",\"url\":\"https:\\\/\\\/familiengemeinde.ch\\\/wp-content\\\/uploads\\\/2015\\\/10\\\/familiengemeinde_logo-2.png\",\"contentUrl\":\"https:\\\/\\\/familiengemeinde.ch\\\/wp-content\\\/uploads\\\/2015\\\/10\\\/familiengemeinde_logo-2.png\",\"width\":1868,\"height\":384,\"caption\":\"Familiengemeinde Langenthal\"},\"image\":{\"@id\":\"https:\\\/\\\/familiengemeinde.ch\\\/#\\\/schema\\\/logo\\\/image\\\/\"}}]}<\/script>\n<!-- \/ Yoast SEO plugin. -->","yoast_head_json":{"title":"Impressum - Familiengemeinde","robots":{"index":"index","follow":"follow","max-snippet":"max-snippet:-1","max-image-preview":"max-image-preview:large","max-video-preview":"max-video-preview:-1"},"canonical":"https:\/\/familiengemeinde.ch\/index.php\/impressum\/","og_locale":"de_DE","og_type":"article","og_title":"Impressum - Familiengemeinde","og_description":"Impressum Verantwortliche Instanz:Thomas LohnkeBleienbachstrasse 84900 LangenthalSchweiz E-Mail: info@familiengemeinde.chTelefon:&nbsp;+41 62 923 24 14&nbsp; HaftungsausschlussDer Autor \u00fcbernimmt keine Gew\u00e4hr f\u00fcr die Richtigkeit, Genauigkeit, Aktualit\u00e4t, Zuverl\u00e4ssigkeit und Vollst\u00e4ndigkeit der Informationen.Haftungsanspr\u00fcche gegen den Autor wegen Sch\u00e4den materieller oder immaterieller Art, die aus dem Zugriff oder der Nutzung bzw. Nichtnutzung der ver\u00f6ffentlichten Informationen, durch Missbrauch der Verbindung oder durch technische [&hellip;]","og_url":"https:\/\/familiengemeinde.ch\/index.php\/impressum\/","og_site_name":"Familiengemeinde","article_modified_time":"2023-05-11T07:36:50+00:00","twitter_card":"summary_large_image","twitter_misc":{"Gesch\u00e4tzte Lesezeit":"2\u00a0Minuten"},"schema":{"@context":"https:\/\/schema.org","@graph":[{"@type":"WebPage","@id":"https:\/\/familiengemeinde.ch\/index.php\/impressum\/","url":"https:\/\/familiengemeinde.ch\/index.php\/impressum\/","name":"Impressum - Familiengemeinde","isPartOf":{"@id":"https:\/\/familiengemeinde.ch\/#website"},"datePublished":"2023-04-12T17:36:54+00:00","dateModified":"2023-05-11T07:36:50+00:00","breadcrumb":{"@id":"https:\/\/familiengemeinde.ch\/index.php\/impressum\/#breadcrumb"},"inLanguage":"de","potentialAction":[{"@type":"ReadAction","target":["https:\/\/familiengemeinde.ch\/index.php\/impressum\/"]}]},{"@type":"BreadcrumbList","@id":"https:\/\/familiengemeinde.ch\/index.php\/impressum\/#breadcrumb","itemListElement":[{"@type":"ListItem","position":1,"name":"Startseite","item":"https:\/\/familiengemeinde.ch\/"},{"@type":"ListItem","position":2,"name":"Impressum"}]},{"@type":"WebSite","@id":"https:\/\/familiengemeinde.ch\/#website","url":"https:\/\/familiengemeinde.ch\/","name":"Familiengemeinde Langenthal","description":"Freikirche in Langenthal","publisher":{"@id":"https:\/\/familiengemeinde.ch\/#organization"},"potentialAction":[{"@type":"SearchAction","target":{"@type":"EntryPoint","urlTemplate":"https:\/\/familiengemeinde.ch\/?s={search_term_string}"},"query-input":{"@type":"PropertyValueSpecification","valueRequired":true,"valueName":"search_term_string"}}],"inLanguage":"de"},{"@type":"Organization","@id":"https:\/\/familiengemeinde.ch\/#organization","name":"Familiengemeinde Langenthal","url":"https:\/\/familiengemeinde.ch\/","logo":{"@type":"ImageObject","inLanguage":"de","@id":"https:\/\/familiengemeinde.ch\/#\/schema\/logo\/image\/","url":"https:\/\/familiengemeinde.ch\/wp-content\/uploads\/2015\/10\/familiengemeinde_logo-2.png","contentUrl":"https:\/\/familiengemeinde.ch\/wp-content\/uploads\/2015\/10\/familiengemeinde_logo-2.png","width":1868,"height":384,"caption":"Familiengemeinde Langenthal"},"image":{"@id":"https:\/\/familiengemeinde.ch\/#\/schema\/logo\/image\/"}}]}},"_links":{"self":[{"href":"https:\/\/familiengemeinde.ch\/index.php\/wp-json\/wp\/v2\/pages\/4168","targetHints":{"allow":["GET"]}}],"collection":[{"href":"https:\/\/familiengemeinde.ch\/index.php\/wp-json\/wp\/v2\/pages"}],"about":[{"href":"https:\/\/familiengemeinde.ch\/index.php\/wp-json\/wp\/v2\/types\/page"}],"author":[{"embeddable":true,"href":"https:\/\/familiengemeinde.ch\/index.php\/wp-json\/wp\/v2\/users\/1"}],"replies":[{"embeddable":true,"href":"https:\/\/familiengemeinde.ch\/index.php\/wp-json\/wp\/v2\/comments?post=4168"}],"version-history":[{"count":7,"href":"https:\/\/familiengemeinde.ch\/index.php\/wp-json\/wp\/v2\/pages\/4168\/revisions"}],"predecessor-version":[{"id":4512,"href":"https:\/\/familiengemeinde.ch\/index.php\/wp-json\/wp\/v2\/pages\/4168\/revisions\/4512"}],"wp:attachment":[{"href":"https:\/\/familiengemeinde.ch\/index.php\/wp-json\/wp\/v2\/media?parent=4168"}],"curies":[{"name":"wp","href":"https:\/\/api.w.org\/{rel}","templated":true}]}}