{"id":4320,"date":"2023-05-02T10:26:16","date_gmt":"2023-05-02T08:26:16","guid":{"rendered":"https:\/\/familiengemeinde.ch\/?page_id=4320"},"modified":"2023-08-31T10:35:21","modified_gmt":"2023-08-31T08:35:21","slug":"heilungsschule","status":"publish","type":"page","link":"https:\/\/familiengemeinde.ch\/index.php\/heilungsschule\/","title":{"rendered":"Heilungsschule"},"content":{"rendered":"\t\t<div data-elementor-type=\"wp-page\" data-elementor-id=\"4320\" class=\"elementor elementor-4320\" data-elementor-post-type=\"page\">\n\t\t\t\t\t\t<section class=\"elementor-section elementor-top-section elementor-element elementor-element-af60d28 elementor-section-boxed elementor-section-height-default elementor-section-height-default\" data-id=\"af60d28\" data-element_type=\"section\" data-e-type=\"section\">\n\t\t\t\t\t\t<div class=\"elementor-container elementor-column-gap-default\">\n\t\t\t\t\t<div class=\"elementor-column elementor-col-100 elementor-top-column elementor-element elementor-element-ef4de57\" data-id=\"ef4de57\" data-element_type=\"column\" data-e-type=\"column\">\n\t\t\t<div class=\"elementor-widget-wrap elementor-element-populated\">\n\t\t\t\t\t\t<div class=\"elementor-element elementor-element-9282a17 elementor-widget elementor-widget-heading\" data-id=\"9282a17\" data-element_type=\"widget\" data-e-type=\"widget\" data-widget_type=\"heading.default\">\n\t\t\t\t<div class=\"elementor-widget-container\">\n\t\t\t\t\t<h2 class=\"elementor-heading-title elementor-size-default\">FGL Heilungsschule<\/h2>\t\t\t\t<\/div>\n\t\t\t\t<\/div>\n\t\t\t\t<div class=\"elementor-element elementor-element-e617710 elementor-widget elementor-widget-image\" data-id=\"e617710\" data-element_type=\"widget\" data-e-type=\"widget\" data-widget_type=\"image.default\">\n\t\t\t\t<div class=\"elementor-widget-container\">\n\t\t\t\t\t\t\t\t\t\t\t\t\t\t\t<img fetchpriority=\"high\" decoding=\"async\" width=\"1024\" height=\"576\" src=\"https:\/\/familiengemeinde.ch\/wp-content\/uploads\/2023\/08\/Flyer-Heilungsschule-sep-23-1024x576.jpg\" class=\"attachment-large size-large wp-image-4931\" alt=\"\" srcset=\"https:\/\/familiengemeinde.ch\/wp-content\/uploads\/2023\/08\/Flyer-Heilungsschule-sep-23-1024x576.jpg 1024w, https:\/\/familiengemeinde.ch\/wp-content\/uploads\/2023\/08\/Flyer-Heilungsschule-sep-23-300x169.jpg 300w, https:\/\/familiengemeinde.ch\/wp-content\/uploads\/2023\/08\/Flyer-Heilungsschule-sep-23-768x432.jpg 768w, https:\/\/familiengemeinde.ch\/wp-content\/uploads\/2023\/08\/Flyer-Heilungsschule-sep-23-1536x864.jpg 1536w, https:\/\/familiengemeinde.ch\/wp-content\/uploads\/2023\/08\/Flyer-Heilungsschule-sep-23-800x450.jpg 800w, https:\/\/familiengemeinde.ch\/wp-content\/uploads\/2023\/08\/Flyer-Heilungsschule-sep-23.jpg 1920w\" sizes=\"(max-width: 1024px) 100vw, 1024px\" \/>\t\t\t\t\t\t\t\t\t\t\t\t\t\t\t<\/div>\n\t\t\t\t<\/div>\n\t\t\t\t\t<\/div>\n\t\t<\/div>\n\t\t\t\t\t<\/div>\n\t\t<\/section>\n\t\t\t\t<section class=\"elementor-section elementor-top-section elementor-element elementor-element-bfed5e8 elementor-section-boxed elementor-section-height-default elementor-section-height-default\" data-id=\"bfed5e8\" data-element_type=\"section\" data-e-type=\"section\">\n\t\t\t\t\t\t<div class=\"elementor-container elementor-column-gap-default\">\n\t\t\t\t\t<div class=\"elementor-column elementor-col-100 elementor-top-column elementor-element elementor-element-782eb61\" data-id=\"782eb61\" data-element_type=\"column\" data-e-type=\"column\">\n\t\t\t<div class=\"elementor-widget-wrap elementor-element-populated\">\n\t\t\t\t\t\t<div class=\"elementor-element elementor-element-06048cd elementor-widget elementor-widget-text-editor\" data-id=\"06048cd\" data-element_type=\"widget\" data-e-type=\"widget\" data-widget_type=\"text-editor.default\">\n\t\t\t\t<div class=\"elementor-widget-container\">\n\t\t\t\t\t\t\t\t\t<div id=\"primary\" class=\"content-area clr\"><div id=\"content\" class=\"site-content clr\"><article class=\"single-page-article clr\"><div class=\"entry clr\"><div id=\"pl-12\" class=\"panel-layout\"><div id=\"pg-12-0\" class=\"panel-grid panel-no-style\"><div id=\"pgc-12-0-0\" class=\"panel-grid-cell\"><div id=\"panel-12-0-0-0\" class=\"so-panel widget widget_sow-image-grid panel-first-child\" data-index=\"0\"><div class=\"so-widget-sow-image-grid so-widget-sow-image-grid-default-46e3cddde1e5-12\"><div class=\"sow-image-grid-wrapper\"><div class=\"sow-image-grid-image\"><a href=\"https:\/\/familiengemeinde.ch\/index.php\/kontaktformular\/\">https:\/\/familiengemeinde.ch\/index.php\/kontaktformular\/<\/a><\/div><\/div><\/div><\/div><div id=\"panel-12-0-0-1\" class=\"so-panel widget widget_sow-editor panel-last-child\" data-index=\"1\"><div class=\"panel-widget-style panel-widget-style-for-12-0-0-1\"><div class=\"so-widget-sow-editor so-widget-sow-editor-base\"><div class=\"siteorigin-widget-tinymce textwidget\"><h2>FGL &#8211; Heilungsschule<\/h2><p>Jeden 1. und 2. Freitag im Monat ab 19:30 Uhr lehren wir \u00fcber Heilung, wie man Heilung empf\u00e4ngt, Gottes Wille zu heilen, wie man Heilung dienen kann, Hindernisse Heilung empfangen zu k\u00f6nnen und viele andere Themen rund um g\u00f6ttliche Heilung. Interessiert? Dann bist du herzlich willkommen zu diesen Anl\u00e4ssen.<\/p><p>Anmeldung ist erw\u00fcnscht, damit wir die Unterlagen bereit stellen k\u00f6nnen! <span style=\"color: #33cccc;\"><strong><a style=\"color: #33cccc;\" href=\"mailto:hallo@familiengemeinde.ch\">hallo@familiengemeinde.ch\u00a0<\/a><\/strong><\/span><\/p><p><strong>Themen Lektionen Modul 1<\/strong><\/p><ul><li>Einf\u00fchrung<\/li><li>Heilung ist der Wille Gottes<\/li><li>Heilung in der Erl\u00f6sung<\/li><li>Was ist mit Hiob und Paulus ?<\/li><li>Fluch und Segen<\/li><\/ul><hr \/><p><strong>Themen Lektionen Modul 2<\/strong><\/p><ul><li>Wie man g\u00f6ttliche Heilung empf\u00e4ngt<\/li><li>Hindernisse, Heilung zu empfangen<\/li><li>In g\u00f6ttlicher Gesundheit wandeln<\/li><li>Der Weg zu g\u00f6ttlicher Heilung<\/li><\/ul><p>das sind einige der Themen welche in der ersten zwei Modulen unterrichtet werden. Weitere Module folgen.<\/p><hr \/><p><strong>Aufbau<\/strong><\/p><p>Der Aufbau ist zusammenh\u00e4ngend und es wird geraten die Module als Ganzes zu besuchen.<\/p><p>Die FGL-Heilungsschule ist gepr\u00e4gt von den Impulsen des Heiligen Geistes. Wir suchen die Absicht des Heiligen Geistes f\u00fcr den jeweiligen Abend zu erkennen und dann auch diesem Impuls nachzugehen und umzusetzen. Gebet und Handauflegung, Lobpreis, Gaben des Geistes all das soll Raum und Platz haben und ist ein wichtiger Bestandteil des Konzeptes der FGL-Heilungsschule.<\/p><hr \/><p><strong>Kosten<\/strong><\/p><p>Was kostet die FGL-Heilungsschule? Grunds\u00e4tzlich ist die FGL-Heilungsschule kostenlos wie alle Veranstaltungen der Familiengemeinde, f\u00fcr die Vorbereitungen und Abgabe von Unterrichtsmaterial haben wir einen Richtpreis pro Modul bzw pro Abend festgelegt<\/p><p>Normalerweise ist ein Modul 4 Abende \u00e0 2 Lektion. Total 8 Lektionen pro Modul mit Unterrichtsmaterial f\u00fcr CHF 40.-<\/p><p>Das entspricht einem Richtpreis von CHF 10.- pro Abend.<\/p><p>Unterrichtsmaterial darf nicht kopiert und weitergeleitet werden.<\/p><hr \/><p><strong>Anmeldung<\/strong><\/p><p>Wir bitten um Anmeldung damit wir so gut wie m\u00f6glich uns vorbereiten k\u00f6nnen, um dir zu dienen! \u00fcber die Emailadresse kannst du dich f\u00fcr ein Modul anmelden. <span style=\"color: #33cccc;\"><strong><a style=\"color: #33cccc;\" href=\"mailto:hallo@familiengemeinde.ch\">h<\/a><a style=\"font-size: 14px; color: #33cccc;\" href=\"mailto:hallo@familiengemeinde.ch\" target=\"_blank\" rel=\"noopener\">allo@familiengemeinde.ch<\/a><\/strong><\/span><\/p><p>oder \u00fcber unser Anmeldeformular<span style=\"color: #33cccc;\"><strong> <a style=\"color: #33cccc;\" href=\"https:\/\/familiengemeinde.ch\/index.php\/kontaktformular\/\">klicke hier<\/a><\/strong><\/span><\/p><\/div><\/div><\/div><\/div><\/div><\/div><\/div><\/div><\/article><\/div><\/div>\t\t\t\t\t\t\t\t<\/div>\n\t\t\t\t<\/div>\n\t\t\t\t\t<\/div>\n\t\t<\/div>\n\t\t\t\t\t<\/div>\n\t\t<\/section>\n\t\t\t\t<\/div>\n\t\t","protected":false},"excerpt":{"rendered":"<p>FGL Heilungsschule https:\/\/familiengemeinde.ch\/index.php\/kontaktformular\/ FGL &#8211; Heilungsschule Jeden 1. und 2. Freitag im Monat ab 19:30 Uhr lehren wir \u00fcber Heilung, wie man Heilung empf\u00e4ngt, Gottes Wille zu heilen, wie man Heilung dienen kann, Hindernisse Heilung empfangen zu k\u00f6nnen und viele andere Themen rund um g\u00f6ttliche Heilung. Interessiert? Dann bist du herzlich willkommen zu diesen Anl\u00e4ssen. [&hellip;]<\/p>\n","protected":false},"author":1,"featured_media":0,"parent":0,"menu_order":0,"comment_status":"closed","ping_status":"closed","template":"","meta":{"footnotes":""},"class_list":["post-4320","page","type-page","status-publish","hentry","entry"],"yoast_head":"<!-- This site is optimized with the Yoast SEO plugin v27.6 - https:\/\/yoast.com\/product\/yoast-seo-wordpress\/ -->\n<title>Heilungsschule - Familiengemeinde<\/title>\n<meta name=\"robots\" content=\"index, follow, max-snippet:-1, max-image-preview:large, max-video-preview:-1\" \/>\n<link rel=\"canonical\" href=\"https:\/\/familiengemeinde.ch\/index.php\/heilungsschule\/\" \/>\n<meta property=\"og:locale\" content=\"de_DE\" \/>\n<meta property=\"og:type\" content=\"article\" \/>\n<meta property=\"og:title\" content=\"Heilungsschule - Familiengemeinde\" \/>\n<meta property=\"og:description\" content=\"FGL Heilungsschule https:\/\/familiengemeinde.ch\/index.php\/kontaktformular\/ FGL &#8211; Heilungsschule Jeden 1. und 2. Freitag im Monat ab 19:30 Uhr lehren wir \u00fcber Heilung, wie man Heilung empf\u00e4ngt, Gottes Wille zu heilen, wie man Heilung dienen kann, Hindernisse Heilung empfangen zu k\u00f6nnen und viele andere Themen rund um g\u00f6ttliche Heilung. Interessiert? Dann bist du herzlich willkommen zu diesen Anl\u00e4ssen. [&hellip;]\" \/>\n<meta property=\"og:url\" content=\"https:\/\/familiengemeinde.ch\/index.php\/heilungsschule\/\" \/>\n<meta property=\"og:site_name\" content=\"Familiengemeinde\" \/>\n<meta property=\"article:modified_time\" content=\"2023-08-31T08:35:21+00:00\" \/>\n<meta property=\"og:image\" content=\"https:\/\/familiengemeinde.ch\/wp-content\/uploads\/2023\/08\/Flyer-Heilungsschule-sep-23-1024x576.jpg\" \/>\n<meta name=\"twitter:card\" content=\"summary_large_image\" \/>\n<meta name=\"twitter:label1\" content=\"Gesch\u00e4tzte Lesezeit\" \/>\n\t<meta name=\"twitter:data1\" content=\"2\u00a0Minuten\" \/>\n<script type=\"application\/ld+json\" class=\"yoast-schema-graph\">{\"@context\":\"https:\\\/\\\/schema.org\",\"@graph\":[{\"@type\":\"WebPage\",\"@id\":\"https:\\\/\\\/familiengemeinde.ch\\\/index.php\\\/heilungsschule\\\/\",\"url\":\"https:\\\/\\\/familiengemeinde.ch\\\/index.php\\\/heilungsschule\\\/\",\"name\":\"Heilungsschule - Familiengemeinde\",\"isPartOf\":{\"@id\":\"https:\\\/\\\/familiengemeinde.ch\\\/#website\"},\"primaryImageOfPage\":{\"@id\":\"https:\\\/\\\/familiengemeinde.ch\\\/index.php\\\/heilungsschule\\\/#primaryimage\"},\"image\":{\"@id\":\"https:\\\/\\\/familiengemeinde.ch\\\/index.php\\\/heilungsschule\\\/#primaryimage\"},\"thumbnailUrl\":\"https:\\\/\\\/familiengemeinde.ch\\\/wp-content\\\/uploads\\\/2023\\\/08\\\/Flyer-Heilungsschule-sep-23-1024x576.jpg\",\"datePublished\":\"2023-05-02T08:26:16+00:00\",\"dateModified\":\"2023-08-31T08:35:21+00:00\",\"breadcrumb\":{\"@id\":\"https:\\\/\\\/familiengemeinde.ch\\\/index.php\\\/heilungsschule\\\/#breadcrumb\"},\"inLanguage\":\"de\",\"potentialAction\":[{\"@type\":\"ReadAction\",\"target\":[\"https:\\\/\\\/familiengemeinde.ch\\\/index.php\\\/heilungsschule\\\/\"]}]},{\"@type\":\"ImageObject\",\"inLanguage\":\"de\",\"@id\":\"https:\\\/\\\/familiengemeinde.ch\\\/index.php\\\/heilungsschule\\\/#primaryimage\",\"url\":\"https:\\\/\\\/familiengemeinde.ch\\\/wp-content\\\/uploads\\\/2023\\\/08\\\/Flyer-Heilungsschule-sep-23.jpg\",\"contentUrl\":\"https:\\\/\\\/familiengemeinde.ch\\\/wp-content\\\/uploads\\\/2023\\\/08\\\/Flyer-Heilungsschule-sep-23.jpg\",\"width\":1920,\"height\":1080},{\"@type\":\"BreadcrumbList\",\"@id\":\"https:\\\/\\\/familiengemeinde.ch\\\/index.php\\\/heilungsschule\\\/#breadcrumb\",\"itemListElement\":[{\"@type\":\"ListItem\",\"position\":1,\"name\":\"Startseite\",\"item\":\"https:\\\/\\\/familiengemeinde.ch\\\/\"},{\"@type\":\"ListItem\",\"position\":2,\"name\":\"Heilungsschule\"}]},{\"@type\":\"WebSite\",\"@id\":\"https:\\\/\\\/familiengemeinde.ch\\\/#website\",\"url\":\"https:\\\/\\\/familiengemeinde.ch\\\/\",\"name\":\"Familiengemeinde Langenthal\",\"description\":\"Freikirche in Langenthal\",\"publisher\":{\"@id\":\"https:\\\/\\\/familiengemeinde.ch\\\/#organization\"},\"potentialAction\":[{\"@type\":\"SearchAction\",\"target\":{\"@type\":\"EntryPoint\",\"urlTemplate\":\"https:\\\/\\\/familiengemeinde.ch\\\/?s={search_term_string}\"},\"query-input\":{\"@type\":\"PropertyValueSpecification\",\"valueRequired\":true,\"valueName\":\"search_term_string\"}}],\"inLanguage\":\"de\"},{\"@type\":\"Organization\",\"@id\":\"https:\\\/\\\/familiengemeinde.ch\\\/#organization\",\"name\":\"Familiengemeinde Langenthal\",\"url\":\"https:\\\/\\\/familiengemeinde.ch\\\/\",\"logo\":{\"@type\":\"ImageObject\",\"inLanguage\":\"de\",\"@id\":\"https:\\\/\\\/familiengemeinde.ch\\\/#\\\/schema\\\/logo\\\/image\\\/\",\"url\":\"https:\\\/\\\/familiengemeinde.ch\\\/wp-content\\\/uploads\\\/2015\\\/10\\\/familiengemeinde_logo-2.png\",\"contentUrl\":\"https:\\\/\\\/familiengemeinde.ch\\\/wp-content\\\/uploads\\\/2015\\\/10\\\/familiengemeinde_logo-2.png\",\"width\":1868,\"height\":384,\"caption\":\"Familiengemeinde Langenthal\"},\"image\":{\"@id\":\"https:\\\/\\\/familiengemeinde.ch\\\/#\\\/schema\\\/logo\\\/image\\\/\"}}]}<\/script>\n<!-- \/ Yoast SEO plugin. -->","yoast_head_json":{"title":"Heilungsschule - Familiengemeinde","robots":{"index":"index","follow":"follow","max-snippet":"max-snippet:-1","max-image-preview":"max-image-preview:large","max-video-preview":"max-video-preview:-1"},"canonical":"https:\/\/familiengemeinde.ch\/index.php\/heilungsschule\/","og_locale":"de_DE","og_type":"article","og_title":"Heilungsschule - Familiengemeinde","og_description":"FGL Heilungsschule https:\/\/familiengemeinde.ch\/index.php\/kontaktformular\/ FGL &#8211; Heilungsschule Jeden 1. und 2. Freitag im Monat ab 19:30 Uhr lehren wir \u00fcber Heilung, wie man Heilung empf\u00e4ngt, Gottes Wille zu heilen, wie man Heilung dienen kann, Hindernisse Heilung empfangen zu k\u00f6nnen und viele andere Themen rund um g\u00f6ttliche Heilung. Interessiert? Dann bist du herzlich willkommen zu diesen Anl\u00e4ssen. [&hellip;]","og_url":"https:\/\/familiengemeinde.ch\/index.php\/heilungsschule\/","og_site_name":"Familiengemeinde","article_modified_time":"2023-08-31T08:35:21+00:00","og_image":[{"url":"https:\/\/familiengemeinde.ch\/wp-content\/uploads\/2023\/08\/Flyer-Heilungsschule-sep-23-1024x576.jpg","type":"","width":"","height":""}],"twitter_card":"summary_large_image","twitter_misc":{"Gesch\u00e4tzte Lesezeit":"2\u00a0Minuten"},"schema":{"@context":"https:\/\/schema.org","@graph":[{"@type":"WebPage","@id":"https:\/\/familiengemeinde.ch\/index.php\/heilungsschule\/","url":"https:\/\/familiengemeinde.ch\/index.php\/heilungsschule\/","name":"Heilungsschule - Familiengemeinde","isPartOf":{"@id":"https:\/\/familiengemeinde.ch\/#website"},"primaryImageOfPage":{"@id":"https:\/\/familiengemeinde.ch\/index.php\/heilungsschule\/#primaryimage"},"image":{"@id":"https:\/\/familiengemeinde.ch\/index.php\/heilungsschule\/#primaryimage"},"thumbnailUrl":"https:\/\/familiengemeinde.ch\/wp-content\/uploads\/2023\/08\/Flyer-Heilungsschule-sep-23-1024x576.jpg","datePublished":"2023-05-02T08:26:16+00:00","dateModified":"2023-08-31T08:35:21+00:00","breadcrumb":{"@id":"https:\/\/familiengemeinde.ch\/index.php\/heilungsschule\/#breadcrumb"},"inLanguage":"de","potentialAction":[{"@type":"ReadAction","target":["https:\/\/familiengemeinde.ch\/index.php\/heilungsschule\/"]}]},{"@type":"ImageObject","inLanguage":"de","@id":"https:\/\/familiengemeinde.ch\/index.php\/heilungsschule\/#primaryimage","url":"https:\/\/familiengemeinde.ch\/wp-content\/uploads\/2023\/08\/Flyer-Heilungsschule-sep-23.jpg","contentUrl":"https:\/\/familiengemeinde.ch\/wp-content\/uploads\/2023\/08\/Flyer-Heilungsschule-sep-23.jpg","width":1920,"height":1080},{"@type":"BreadcrumbList","@id":"https:\/\/familiengemeinde.ch\/index.php\/heilungsschule\/#breadcrumb","itemListElement":[{"@type":"ListItem","position":1,"name":"Startseite","item":"https:\/\/familiengemeinde.ch\/"},{"@type":"ListItem","position":2,"name":"Heilungsschule"}]},{"@type":"WebSite","@id":"https:\/\/familiengemeinde.ch\/#website","url":"https:\/\/familiengemeinde.ch\/","name":"Familiengemeinde Langenthal","description":"Freikirche in Langenthal","publisher":{"@id":"https:\/\/familiengemeinde.ch\/#organization"},"potentialAction":[{"@type":"SearchAction","target":{"@type":"EntryPoint","urlTemplate":"https:\/\/familiengemeinde.ch\/?s={search_term_string}"},"query-input":{"@type":"PropertyValueSpecification","valueRequired":true,"valueName":"search_term_string"}}],"inLanguage":"de"},{"@type":"Organization","@id":"https:\/\/familiengemeinde.ch\/#organization","name":"Familiengemeinde Langenthal","url":"https:\/\/familiengemeinde.ch\/","logo":{"@type":"ImageObject","inLanguage":"de","@id":"https:\/\/familiengemeinde.ch\/#\/schema\/logo\/image\/","url":"https:\/\/familiengemeinde.ch\/wp-content\/uploads\/2015\/10\/familiengemeinde_logo-2.png","contentUrl":"https:\/\/familiengemeinde.ch\/wp-content\/uploads\/2015\/10\/familiengemeinde_logo-2.png","width":1868,"height":384,"caption":"Familiengemeinde Langenthal"},"image":{"@id":"https:\/\/familiengemeinde.ch\/#\/schema\/logo\/image\/"}}]}},"_links":{"self":[{"href":"https:\/\/familiengemeinde.ch\/index.php\/wp-json\/wp\/v2\/pages\/4320","targetHints":{"allow":["GET"]}}],"collection":[{"href":"https:\/\/familiengemeinde.ch\/index.php\/wp-json\/wp\/v2\/pages"}],"about":[{"href":"https:\/\/familiengemeinde.ch\/index.php\/wp-json\/wp\/v2\/types\/page"}],"author":[{"embeddable":true,"href":"https:\/\/familiengemeinde.ch\/index.php\/wp-json\/wp\/v2\/users\/1"}],"replies":[{"embeddable":true,"href":"https:\/\/familiengemeinde.ch\/index.php\/wp-json\/wp\/v2\/comments?post=4320"}],"version-history":[{"count":17,"href":"https:\/\/familiengemeinde.ch\/index.php\/wp-json\/wp\/v2\/pages\/4320\/revisions"}],"predecessor-version":[{"id":4934,"href":"https:\/\/familiengemeinde.ch\/index.php\/wp-json\/wp\/v2\/pages\/4320\/revisions\/4934"}],"wp:attachment":[{"href":"https:\/\/familiengemeinde.ch\/index.php\/wp-json\/wp\/v2\/media?parent=4320"}],"curies":[{"name":"wp","href":"https:\/\/api.w.org\/{rel}","templated":true}]}}