{"id":4613,"date":"2023-07-25T16:41:11","date_gmt":"2023-07-25T14:41:11","guid":{"rendered":"https:\/\/familiengemeinde.ch\/?page_id=4613"},"modified":"2023-07-25T16:45:58","modified_gmt":"2023-07-25T14:45:58","slug":"elementor-4613","status":"publish","type":"page","link":"https:\/\/familiengemeinde.ch\/index.php\/elementor-4613\/","title":{"rendered":"Kennst du Gott?"},"content":{"rendered":"\t\t<div data-elementor-type=\"wp-page\" data-elementor-id=\"4613\" class=\"elementor elementor-4613\" data-elementor-post-type=\"page\">\n\t\t\t\t\t\t<section class=\"elementor-section elementor-top-section elementor-element elementor-element-fadded6 elementor-section-boxed elementor-section-height-default elementor-section-height-default\" data-id=\"fadded6\" data-element_type=\"section\" data-e-type=\"section\">\n\t\t\t\t\t\t<div class=\"elementor-container elementor-column-gap-default\">\n\t\t\t\t\t<div class=\"elementor-column elementor-col-33 elementor-top-column elementor-element elementor-element-5069d76\" data-id=\"5069d76\" data-element_type=\"column\" data-e-type=\"column\">\n\t\t\t<div class=\"elementor-widget-wrap elementor-element-populated\">\n\t\t\t\t\t\t<div class=\"elementor-element elementor-element-f73bebb elementor-widget elementor-widget-image\" data-id=\"f73bebb\" data-element_type=\"widget\" data-e-type=\"widget\" data-widget_type=\"image.default\">\n\t\t\t\t<div class=\"elementor-widget-container\">\n\t\t\t\t\t\t\t\t\t\t\t\t\t\t\t<img fetchpriority=\"high\" decoding=\"async\" width=\"243\" height=\"243\" src=\"https:\/\/familiengemeinde.ch\/wp-content\/uploads\/2017\/01\/logo_heart.png\" class=\"attachment-large size-large wp-image-1236\" alt=\"\" srcset=\"https:\/\/familiengemeinde.ch\/wp-content\/uploads\/2017\/01\/logo_heart.png 243w, https:\/\/familiengemeinde.ch\/wp-content\/uploads\/2017\/01\/logo_heart-150x150.png 150w, https:\/\/familiengemeinde.ch\/wp-content\/uploads\/2017\/01\/logo_heart-100x100.png 100w\" sizes=\"(max-width: 243px) 100vw, 243px\" \/>\t\t\t\t\t\t\t\t\t\t\t\t\t\t\t<\/div>\n\t\t\t\t<\/div>\n\t\t\t\t\t<\/div>\n\t\t<\/div>\n\t\t\t\t<div class=\"elementor-column elementor-col-66 elementor-top-column elementor-element elementor-element-cc9a553\" data-id=\"cc9a553\" data-element_type=\"column\" data-e-type=\"column\">\n\t\t\t<div class=\"elementor-widget-wrap elementor-element-populated\">\n\t\t\t\t\t\t<div class=\"elementor-element elementor-element-896dc62 elementor-widget elementor-widget-text-editor\" data-id=\"896dc62\" data-element_type=\"widget\" data-e-type=\"widget\" data-widget_type=\"text-editor.default\">\n\t\t\t\t<div class=\"elementor-widget-container\">\n\t\t\t\t\t\t\t\t\t<p><strong>Wissen Sie, dass Gott Sie liebt<\/strong>, und dass er einen wunderbaren Plan f\u00fcr Ihr Leben hat? Ich habe eine ganz kurze, aber wichtige Frage an Sie: Wenn Sie in diesem Augenblick sterben w\u00fcrden, w\u00fcssten Sie hundertprozentig,- ohne irgendeinen Zweifel, dass Sie in den Himmel gehen w\u00fcrden? Auf diese Frage: antworten die meisten Menschen, sie \u201ehoffen\u201c oder \u201edenken\u201c, dass sie die Ewigkeit im Himmel verbringen werden. Sie sind sich aber nicht sicher wohin sie gehen. \u201eWer den Sohn hat, hat das Leben; wer den Sohn Gottes nicht hat, hat das Leben nicht. Dies habe ich euch geschrieben, damit ihr wisst, dass ihr ewiges Leben habt, die ihr an den Namen des Sohnes Gottes glaubt.\u201c\u00a01. Joh. 5:12-13<\/p>\t\t\t\t\t\t\t\t<\/div>\n\t\t\t\t<\/div>\n\t\t\t\t\t<\/div>\n\t\t<\/div>\n\t\t\t\t\t<\/div>\n\t\t<\/section>\n\t\t\t\t<section class=\"elementor-section elementor-top-section elementor-element elementor-element-85bf24c elementor-section-boxed elementor-section-height-default elementor-section-height-default\" data-id=\"85bf24c\" data-element_type=\"section\" data-e-type=\"section\">\n\t\t\t\t\t\t<div class=\"elementor-container elementor-column-gap-default\">\n\t\t\t\t\t<div class=\"elementor-column elementor-col-33 elementor-top-column elementor-element elementor-element-72810dd\" data-id=\"72810dd\" data-element_type=\"column\" data-e-type=\"column\">\n\t\t\t<div class=\"elementor-widget-wrap elementor-element-populated\">\n\t\t\t\t\t\t<div class=\"elementor-element elementor-element-73f7488 elementor-widget elementor-widget-image\" data-id=\"73f7488\" data-element_type=\"widget\" data-e-type=\"widget\" data-widget_type=\"image.default\">\n\t\t\t\t<div class=\"elementor-widget-container\">\n\t\t\t\t\t\t\t\t\t\t\t\t\t\t\t<img decoding=\"async\" width=\"239\" height=\"239\" src=\"https:\/\/familiengemeinde.ch\/wp-content\/uploads\/2017\/01\/logo_we_sinned.png\" class=\"attachment-large size-large wp-image-1237\" alt=\"\" srcset=\"https:\/\/familiengemeinde.ch\/wp-content\/uploads\/2017\/01\/logo_we_sinned.png 239w, https:\/\/familiengemeinde.ch\/wp-content\/uploads\/2017\/01\/logo_we_sinned-150x150.png 150w, https:\/\/familiengemeinde.ch\/wp-content\/uploads\/2017\/01\/logo_we_sinned-100x100.png 100w\" sizes=\"(max-width: 239px) 100vw, 239px\" \/>\t\t\t\t\t\t\t\t\t\t\t\t\t\t\t<\/div>\n\t\t\t\t<\/div>\n\t\t\t\t\t<\/div>\n\t\t<\/div>\n\t\t\t\t<div class=\"elementor-column elementor-col-66 elementor-top-column elementor-element elementor-element-0420134\" data-id=\"0420134\" data-element_type=\"column\" data-e-type=\"column\">\n\t\t\t<div class=\"elementor-widget-wrap elementor-element-populated\">\n\t\t\t\t\t\t<div class=\"elementor-element elementor-element-6c77a53 elementor-widget elementor-widget-text-editor\" data-id=\"6c77a53\" data-element_type=\"widget\" data-e-type=\"widget\" data-widget_type=\"text-editor.default\">\n\t\t\t\t<div class=\"elementor-widget-container\">\n\t\t\t\t\t\t\t\t\t<div class=\"page\" style=\"font-variant-caps: normal; font-family: 'Open Sans', sans-serif; font-size: 14px; font-style: normal; caret-color: #4a4a4a; color: #4a4a4a;\" title=\"Page 1\"><div class=\"section\" style=\"font-size: 14px;\"><div class=\"layoutArea\" style=\"font-size: 14px;\"><div class=\"column\" style=\"font-size: 14px;\"><p style=\"font-size: 14px;\">\u201cDenn\u00a0<strong style=\"font-size: 14px;\">alle haben ges\u00fcndigt<\/strong>\u00a0und verfehlen die Herrlichkeit, die sie bei Gott haben sollten\u201c. &#8211; \u201eDenn der Lohn der S\u00fcnde ist der Tod; aber die Gnadengabe Gottes ist das ewige Leben in Christus Jesus, unserem Herrn\u201c. Die Bibel sagt auch, \u201eDarum, jeder, der den Namen des Herrn anruft, wird errettet werden\u201c. Und das schliesst auch Dich mit ein &#8211; nicht wahr? Das gilt f\u00fcr uns alle!<\/p><\/div><\/div><\/div><\/div><p style=\"font-variant-caps: normal; font-family: 'Open Sans', sans-serif; font-size: 14px; font-style: normal; caret-color: #4a4a4a; color: #4a4a4a;\">Es ist ein allgemeines Missverst\u00e4ndnis, dass man sich durch die Taufe oder Gutes tun einen Platz im Himmel sichern kann. Jesus sagt in Johannes 3:3 \u201eWahrlich, wahrlich, ich sage dir: Wenn jemand nicht von neuem geboren wird, kann er das Reich Gottes nicht sehen.\u201c<\/p>\t\t\t\t\t\t\t\t<\/div>\n\t\t\t\t<\/div>\n\t\t\t\t\t<\/div>\n\t\t<\/div>\n\t\t\t\t\t<\/div>\n\t\t<\/section>\n\t\t\t\t<section class=\"elementor-section elementor-top-section elementor-element elementor-element-6a4c358 elementor-section-boxed elementor-section-height-default elementor-section-height-default\" data-id=\"6a4c358\" data-element_type=\"section\" data-e-type=\"section\">\n\t\t\t\t\t\t<div class=\"elementor-container elementor-column-gap-default\">\n\t\t\t\t\t<div class=\"elementor-column elementor-col-33 elementor-top-column elementor-element elementor-element-b41b03f\" data-id=\"b41b03f\" data-element_type=\"column\" data-e-type=\"column\">\n\t\t\t<div class=\"elementor-widget-wrap elementor-element-populated\">\n\t\t\t\t\t\t<div class=\"elementor-element elementor-element-0f2c5aa elementor-widget elementor-widget-image\" data-id=\"0f2c5aa\" data-element_type=\"widget\" data-e-type=\"widget\" data-widget_type=\"image.default\">\n\t\t\t\t<div class=\"elementor-widget-container\">\n\t\t\t\t\t\t\t\t\t\t\t\t\t\t\t<img decoding=\"async\" width=\"238\" height=\"238\" src=\"https:\/\/familiengemeinde.ch\/wp-content\/uploads\/2017\/01\/logo_cross.png\" class=\"attachment-large size-large wp-image-1235\" alt=\"\" srcset=\"https:\/\/familiengemeinde.ch\/wp-content\/uploads\/2017\/01\/logo_cross.png 238w, https:\/\/familiengemeinde.ch\/wp-content\/uploads\/2017\/01\/logo_cross-150x150.png 150w, https:\/\/familiengemeinde.ch\/wp-content\/uploads\/2017\/01\/logo_cross-100x100.png 100w\" sizes=\"(max-width: 238px) 100vw, 238px\" \/>\t\t\t\t\t\t\t\t\t\t\t\t\t\t\t<\/div>\n\t\t\t\t<\/div>\n\t\t\t\t\t<\/div>\n\t\t<\/div>\n\t\t\t\t<div class=\"elementor-column elementor-col-66 elementor-top-column elementor-element elementor-element-1bbc423\" data-id=\"1bbc423\" data-element_type=\"column\" data-e-type=\"column\">\n\t\t\t<div class=\"elementor-widget-wrap elementor-element-populated\">\n\t\t\t\t\t\t<div class=\"elementor-element elementor-element-632f152 elementor-widget elementor-widget-text-editor\" data-id=\"632f152\" data-element_type=\"widget\" data-e-type=\"widget\" data-widget_type=\"text-editor.default\">\n\t\t\t\t<div class=\"elementor-widget-container\">\n\t\t\t\t\t\t\t\t\t<p style=\"font-variant-caps: normal; font-family: 'Open Sans', sans-serif; font-size: 14px; font-style: normal; caret-color: #4a4a4a; color: #4a4a4a;\">Es geht nicht darum was wir getan haben, sondern was Gott f\u00fcr uns getan hat wird unsere Erl\u00f6sung sichern. Epheser 2:8 sagt: \u201eDenn\u00a0<strong style=\"font-size: 14px;\">aus GNADE seid ihr errettet<\/strong>durch Glauben, und das nicht aus euch, Gottes Gabe ist es.\u201c Ewiges Leben oder Errettung ist ein Gratis-Geschenk von GOTT \u2014 man kann es sich nicht verdienen.<\/p><p style=\"font-variant-caps: normal; font-family: 'Open Sans', sans-serif; font-size: 14px; font-style: normal; caret-color: #4a4a4a; color: #4a4a4a;\">Es braucht jedoch mehr als nur zu glauben, dass es einen Gott gibt, um sich die Errettung zu sichern. Die Antwort finden wir im R\u00f6merbrief 10:9-10 \u201ewenn du mit deinem Mund Jesus als Herrn bekennen und in deinem Herzen glauben wirst, dass Gott ihn aus den Toten auferweckt hat, wirst du errettet werden.<\/p><p style=\"font-variant-caps: normal; font-family: 'Open Sans', sans-serif; font-size: 14px; font-style: normal; caret-color: #4a4a4a; color: #4a4a4a;\">Denn mit dem Herzen wird geglaubt zur Gerechtigkeit, und mit dem Mund wird bekannt zum Heil.\u201c Erl\u00f6sung kommt durch den Glauben, dass Jesus Gottes Sohn ist und Ihn als Herrn zu bekennen.<\/p>\t\t\t\t\t\t\t\t<\/div>\n\t\t\t\t<\/div>\n\t\t\t\t\t<\/div>\n\t\t<\/div>\n\t\t\t\t\t<\/div>\n\t\t<\/section>\n\t\t\t\t<section class=\"elementor-section elementor-top-section elementor-element elementor-element-c34ec6f elementor-section-boxed elementor-section-height-default elementor-section-height-default\" data-id=\"c34ec6f\" data-element_type=\"section\" data-e-type=\"section\">\n\t\t\t\t\t\t<div class=\"elementor-container elementor-column-gap-default\">\n\t\t\t\t\t<div class=\"elementor-column elementor-col-33 elementor-top-column elementor-element elementor-element-356c26d\" data-id=\"356c26d\" data-element_type=\"column\" data-e-type=\"column\">\n\t\t\t<div class=\"elementor-widget-wrap elementor-element-populated\">\n\t\t\t\t\t\t<div class=\"elementor-element elementor-element-9fc2451 elementor-widget elementor-widget-image\" data-id=\"9fc2451\" data-element_type=\"widget\" data-e-type=\"widget\" data-widget_type=\"image.default\">\n\t\t\t\t<div class=\"elementor-widget-container\">\n\t\t\t\t\t\t\t\t\t\t\t\t\t\t\t<img loading=\"lazy\" decoding=\"async\" width=\"246\" height=\"246\" src=\"https:\/\/familiengemeinde.ch\/wp-content\/uploads\/2017\/01\/logo_your_joice.png\" class=\"attachment-large size-large wp-image-1238\" alt=\"\" srcset=\"https:\/\/familiengemeinde.ch\/wp-content\/uploads\/2017\/01\/logo_your_joice.png 246w, https:\/\/familiengemeinde.ch\/wp-content\/uploads\/2017\/01\/logo_your_joice-150x150.png 150w, https:\/\/familiengemeinde.ch\/wp-content\/uploads\/2017\/01\/logo_your_joice-100x100.png 100w\" sizes=\"(max-width: 246px) 100vw, 246px\" \/>\t\t\t\t\t\t\t\t\t\t\t\t\t\t\t<\/div>\n\t\t\t\t<\/div>\n\t\t\t\t\t<\/div>\n\t\t<\/div>\n\t\t\t\t<div class=\"elementor-column elementor-col-66 elementor-top-column elementor-element elementor-element-81bb4e6\" data-id=\"81bb4e6\" data-element_type=\"column\" data-e-type=\"column\">\n\t\t\t<div class=\"elementor-widget-wrap elementor-element-populated\">\n\t\t\t\t\t\t<div class=\"elementor-element elementor-element-9960b6c elementor-widget elementor-widget-text-editor\" data-id=\"9960b6c\" data-element_type=\"widget\" data-e-type=\"widget\" data-widget_type=\"text-editor.default\">\n\t\t\t\t<div class=\"elementor-widget-container\">\n\t\t\t\t\t\t\t\t\t<p style=\"font-variant-caps: normal; font-family: 'Open Sans', sans-serif; font-size: 14px; font-style: normal; caret-color: #4a4a4a; color: #4a4a4a;\">Wenn Sie glauben, dass Jesus der Sohn Gottes ist, und dass Er f\u00fcr Ihre S\u00fcnden starb und auferstand, dann k\u00f6nnen Sie mit Sicherheit wissen, dass Sie in den Himmel kommen.\u00a0<strong style=\"font-size: 14px;\">M\u00f6chten Sie dieses Geschenk von Gott empfangen?<\/strong>\u00a0Wenn Sie das untenstehende Gebet beten und es in Ihrem Herzen auch ernsthaft meinen, werden Sie errettet und werden wissen, dass Sie ewiges Leben haben.<\/p><p style=\"font-variant-caps: normal; font-family: 'Open Sans', sans-serif; font-size: 14px; font-style: normal; caret-color: #4a4a4a; color: #4a4a4a;\"><strong style=\"font-size: 14px;\">Beten Sie folgendes Gebet\u2026<\/strong><\/p><p style=\"font-variant-caps: normal; font-family: 'Open Sans', sans-serif; font-size: 14px; font-style: normal; caret-color: #4a4a4a; color: #4a4a4a;\"><em><strong>&#8222;Gott im Himmel, ich weiss dass ich ein S\u00fcnder bin und ich brauche Deine Hilfe. Ich glaube in meinem Herzen, dass Jesus Christus Dein Sohn ist, dass Er am Kreuz f\u00fcr meine S\u00fcnden starb und Gott Ihn von den Toten auferweckt hat. Jesus, ich \u00f6ffne jetzt mein Herz und lade Dich in mein Leben ein. Zeige Dich mir. \u00dcbernimm die Kontrolle in meinem Leben. Halte mich vom B\u00f6sen fern und mache aus mir eine n\u00fctzliche Person. Sei mein Herr und Erl\u00f6ser.&#8220;<\/strong><\/em><\/p>\t\t\t\t\t\t\t\t<\/div>\n\t\t\t\t<\/div>\n\t\t\t\t\t<\/div>\n\t\t<\/div>\n\t\t\t\t\t<\/div>\n\t\t<\/section>\n\t\t\t\t<section class=\"elementor-section elementor-top-section elementor-element elementor-element-86136f7 elementor-section-boxed elementor-section-height-default elementor-section-height-default\" data-id=\"86136f7\" data-element_type=\"section\" data-e-type=\"section\">\n\t\t\t\t\t\t<div class=\"elementor-container elementor-column-gap-default\">\n\t\t\t\t\t<div class=\"elementor-column elementor-col-100 elementor-top-column elementor-element elementor-element-5642e29\" data-id=\"5642e29\" data-element_type=\"column\" data-e-type=\"column\">\n\t\t\t<div class=\"elementor-widget-wrap elementor-element-populated\">\n\t\t\t\t\t\t<div class=\"elementor-element elementor-element-0ede9d3 elementor-widget elementor-widget-text-editor\" data-id=\"0ede9d3\" data-element_type=\"widget\" data-e-type=\"widget\" data-widget_type=\"text-editor.default\">\n\t\t\t\t<div class=\"elementor-widget-container\">\n\t\t\t\t\t\t\t\t\t<p><strong>Zur Erinnerung:<\/strong><\/p><p><strong>Lesen Sie die Bibel<\/strong>, Gottes Wort. Einen guten Ort zum Beginnen sind die Evangelien im neuen Testament.<br \/><strong>Beten Sie<\/strong> und nehmen Sie sich Zeit daf\u00fcr. Reden Sie mit Gott wie mit einer anderen Person.<br \/>Suchen Sie Gemeinschaft mit anderen wiedergeborenen Christen.<br \/><strong>Besuchen Sie eine lebendige Kirche<\/strong> oder Gemeinschaft. Hebr\u00e4er 10:25 sagt: \u201eindem wir unser Zusammenkommen nicht vers\u00e4umen\u2026\u201c<\/p><p>Kontaktieren sie uns!<\/p>\t\t\t\t\t\t\t\t<\/div>\n\t\t\t\t<\/div>\n\t\t\t\t\t<\/div>\n\t\t<\/div>\n\t\t\t\t\t<\/div>\n\t\t<\/section>\n\t\t\t\t<section class=\"elementor-section elementor-top-section elementor-element elementor-element-f42f7c7 elementor-section-boxed elementor-section-height-default elementor-section-height-default\" data-id=\"f42f7c7\" data-element_type=\"section\" data-e-type=\"section\">\n\t\t\t\t\t\t<div class=\"elementor-container elementor-column-gap-default\">\n\t\t\t\t\t<div class=\"elementor-column elementor-col-100 elementor-top-column elementor-element elementor-element-6ed7c34\" data-id=\"6ed7c34\" data-element_type=\"column\" data-e-type=\"column\">\n\t\t\t<div class=\"elementor-widget-wrap elementor-element-populated\">\n\t\t\t\t\t\t<div class=\"elementor-element elementor-element-68685eb elementor-widget elementor-widget-video\" data-id=\"68685eb\" data-element_type=\"widget\" data-e-type=\"widget\" data-settings=\"{&quot;youtube_url&quot;:&quot;https:\\\/\\\/www.youtube.com\\\/watch?v=PtY_B1VJUTA&amp;t=5s&quot;,&quot;video_type&quot;:&quot;youtube&quot;,&quot;controls&quot;:&quot;yes&quot;}\" data-widget_type=\"video.default\">\n\t\t\t\t<div class=\"elementor-widget-container\">\n\t\t\t\t\t\t\t<div class=\"elementor-wrapper elementor-open-inline\">\n\t\t\t<div class=\"elementor-video\"><\/div>\t\t<\/div>\n\t\t\t\t\t\t<\/div>\n\t\t\t\t<\/div>\n\t\t\t\t\t<\/div>\n\t\t<\/div>\n\t\t\t\t\t<\/div>\n\t\t<\/section>\n\t\t\t\t<\/div>\n\t\t","protected":false},"excerpt":{"rendered":"<p>Wissen Sie, dass Gott Sie liebt, und dass er einen wunderbaren Plan f\u00fcr Ihr Leben hat? Ich habe eine ganz kurze, aber wichtige Frage an Sie: Wenn Sie in diesem Augenblick sterben w\u00fcrden, w\u00fcssten Sie hundertprozentig,- ohne irgendeinen Zweifel, dass Sie in den Himmel gehen w\u00fcrden? Auf diese Frage: antworten die meisten Menschen, sie \u201ehoffen\u201c [&hellip;]<\/p>\n","protected":false},"author":1,"featured_media":0,"parent":0,"menu_order":0,"comment_status":"closed","ping_status":"closed","template":"","meta":{"footnotes":""},"class_list":["post-4613","page","type-page","status-publish","hentry","entry"],"yoast_head":"<!-- This site is optimized with the Yoast SEO plugin v27.6 - https:\/\/yoast.com\/product\/yoast-seo-wordpress\/ -->\n<title>Kennst du Gott? - Familiengemeinde<\/title>\n<meta name=\"robots\" content=\"index, follow, max-snippet:-1, max-image-preview:large, max-video-preview:-1\" \/>\n<link rel=\"canonical\" href=\"https:\/\/familiengemeinde.ch\/index.php\/elementor-4613\/\" \/>\n<meta property=\"og:locale\" content=\"de_DE\" \/>\n<meta property=\"og:type\" content=\"article\" \/>\n<meta property=\"og:title\" content=\"Kennst du Gott? - Familiengemeinde\" \/>\n<meta property=\"og:description\" content=\"Wissen Sie, dass Gott Sie liebt, und dass er einen wunderbaren Plan f\u00fcr Ihr Leben hat? Ich habe eine ganz kurze, aber wichtige Frage an Sie: Wenn Sie in diesem Augenblick sterben w\u00fcrden, w\u00fcssten Sie hundertprozentig,- ohne irgendeinen Zweifel, dass Sie in den Himmel gehen w\u00fcrden? Auf diese Frage: antworten die meisten Menschen, sie \u201ehoffen\u201c [&hellip;]\" \/>\n<meta property=\"og:url\" content=\"https:\/\/familiengemeinde.ch\/index.php\/elementor-4613\/\" \/>\n<meta property=\"og:site_name\" content=\"Familiengemeinde\" \/>\n<meta property=\"article:modified_time\" content=\"2023-07-25T14:45:58+00:00\" \/>\n<meta property=\"og:image\" content=\"https:\/\/familiengemeinde.ch\/wp-content\/uploads\/2017\/01\/logo_heart.png\" \/>\n<meta name=\"twitter:card\" content=\"summary_large_image\" \/>\n<meta name=\"twitter:label1\" content=\"Gesch\u00e4tzte Lesezeit\" \/>\n\t<meta name=\"twitter:data1\" content=\"4\u00a0Minuten\" \/>\n<script type=\"application\/ld+json\" class=\"yoast-schema-graph\">{\"@context\":\"https:\\\/\\\/schema.org\",\"@graph\":[{\"@type\":\"WebPage\",\"@id\":\"https:\\\/\\\/familiengemeinde.ch\\\/index.php\\\/elementor-4613\\\/\",\"url\":\"https:\\\/\\\/familiengemeinde.ch\\\/index.php\\\/elementor-4613\\\/\",\"name\":\"Kennst du Gott? - Familiengemeinde\",\"isPartOf\":{\"@id\":\"https:\\\/\\\/familiengemeinde.ch\\\/#website\"},\"primaryImageOfPage\":{\"@id\":\"https:\\\/\\\/familiengemeinde.ch\\\/index.php\\\/elementor-4613\\\/#primaryimage\"},\"image\":{\"@id\":\"https:\\\/\\\/familiengemeinde.ch\\\/index.php\\\/elementor-4613\\\/#primaryimage\"},\"thumbnailUrl\":\"https:\\\/\\\/familiengemeinde.ch\\\/wp-content\\\/uploads\\\/2017\\\/01\\\/logo_heart.png\",\"datePublished\":\"2023-07-25T14:41:11+00:00\",\"dateModified\":\"2023-07-25T14:45:58+00:00\",\"breadcrumb\":{\"@id\":\"https:\\\/\\\/familiengemeinde.ch\\\/index.php\\\/elementor-4613\\\/#breadcrumb\"},\"inLanguage\":\"de\",\"potentialAction\":[{\"@type\":\"ReadAction\",\"target\":[\"https:\\\/\\\/familiengemeinde.ch\\\/index.php\\\/elementor-4613\\\/\"]}]},{\"@type\":\"ImageObject\",\"inLanguage\":\"de\",\"@id\":\"https:\\\/\\\/familiengemeinde.ch\\\/index.php\\\/elementor-4613\\\/#primaryimage\",\"url\":\"https:\\\/\\\/familiengemeinde.ch\\\/wp-content\\\/uploads\\\/2017\\\/01\\\/logo_heart.png\",\"contentUrl\":\"https:\\\/\\\/familiengemeinde.ch\\\/wp-content\\\/uploads\\\/2017\\\/01\\\/logo_heart.png\",\"width\":243,\"height\":243},{\"@type\":\"BreadcrumbList\",\"@id\":\"https:\\\/\\\/familiengemeinde.ch\\\/index.php\\\/elementor-4613\\\/#breadcrumb\",\"itemListElement\":[{\"@type\":\"ListItem\",\"position\":1,\"name\":\"Startseite\",\"item\":\"https:\\\/\\\/familiengemeinde.ch\\\/\"},{\"@type\":\"ListItem\",\"position\":2,\"name\":\"Kennst du Gott?\"}]},{\"@type\":\"WebSite\",\"@id\":\"https:\\\/\\\/familiengemeinde.ch\\\/#website\",\"url\":\"https:\\\/\\\/familiengemeinde.ch\\\/\",\"name\":\"Familiengemeinde Langenthal\",\"description\":\"Freikirche in Langenthal\",\"publisher\":{\"@id\":\"https:\\\/\\\/familiengemeinde.ch\\\/#organization\"},\"potentialAction\":[{\"@type\":\"SearchAction\",\"target\":{\"@type\":\"EntryPoint\",\"urlTemplate\":\"https:\\\/\\\/familiengemeinde.ch\\\/?s={search_term_string}\"},\"query-input\":{\"@type\":\"PropertyValueSpecification\",\"valueRequired\":true,\"valueName\":\"search_term_string\"}}],\"inLanguage\":\"de\"},{\"@type\":\"Organization\",\"@id\":\"https:\\\/\\\/familiengemeinde.ch\\\/#organization\",\"name\":\"Familiengemeinde Langenthal\",\"url\":\"https:\\\/\\\/familiengemeinde.ch\\\/\",\"logo\":{\"@type\":\"ImageObject\",\"inLanguage\":\"de\",\"@id\":\"https:\\\/\\\/familiengemeinde.ch\\\/#\\\/schema\\\/logo\\\/image\\\/\",\"url\":\"https:\\\/\\\/familiengemeinde.ch\\\/wp-content\\\/uploads\\\/2015\\\/10\\\/familiengemeinde_logo-2.png\",\"contentUrl\":\"https:\\\/\\\/familiengemeinde.ch\\\/wp-content\\\/uploads\\\/2015\\\/10\\\/familiengemeinde_logo-2.png\",\"width\":1868,\"height\":384,\"caption\":\"Familiengemeinde Langenthal\"},\"image\":{\"@id\":\"https:\\\/\\\/familiengemeinde.ch\\\/#\\\/schema\\\/logo\\\/image\\\/\"}}]}<\/script>\n<!-- \/ Yoast SEO plugin. -->","yoast_head_json":{"title":"Kennst du Gott? - Familiengemeinde","robots":{"index":"index","follow":"follow","max-snippet":"max-snippet:-1","max-image-preview":"max-image-preview:large","max-video-preview":"max-video-preview:-1"},"canonical":"https:\/\/familiengemeinde.ch\/index.php\/elementor-4613\/","og_locale":"de_DE","og_type":"article","og_title":"Kennst du Gott? - Familiengemeinde","og_description":"Wissen Sie, dass Gott Sie liebt, und dass er einen wunderbaren Plan f\u00fcr Ihr Leben hat? Ich habe eine ganz kurze, aber wichtige Frage an Sie: Wenn Sie in diesem Augenblick sterben w\u00fcrden, w\u00fcssten Sie hundertprozentig,- ohne irgendeinen Zweifel, dass Sie in den Himmel gehen w\u00fcrden? Auf diese Frage: antworten die meisten Menschen, sie \u201ehoffen\u201c [&hellip;]","og_url":"https:\/\/familiengemeinde.ch\/index.php\/elementor-4613\/","og_site_name":"Familiengemeinde","article_modified_time":"2023-07-25T14:45:58+00:00","og_image":[{"url":"https:\/\/familiengemeinde.ch\/wp-content\/uploads\/2017\/01\/logo_heart.png","type":"","width":"","height":""}],"twitter_card":"summary_large_image","twitter_misc":{"Gesch\u00e4tzte Lesezeit":"4\u00a0Minuten"},"schema":{"@context":"https:\/\/schema.org","@graph":[{"@type":"WebPage","@id":"https:\/\/familiengemeinde.ch\/index.php\/elementor-4613\/","url":"https:\/\/familiengemeinde.ch\/index.php\/elementor-4613\/","name":"Kennst du Gott? - Familiengemeinde","isPartOf":{"@id":"https:\/\/familiengemeinde.ch\/#website"},"primaryImageOfPage":{"@id":"https:\/\/familiengemeinde.ch\/index.php\/elementor-4613\/#primaryimage"},"image":{"@id":"https:\/\/familiengemeinde.ch\/index.php\/elementor-4613\/#primaryimage"},"thumbnailUrl":"https:\/\/familiengemeinde.ch\/wp-content\/uploads\/2017\/01\/logo_heart.png","datePublished":"2023-07-25T14:41:11+00:00","dateModified":"2023-07-25T14:45:58+00:00","breadcrumb":{"@id":"https:\/\/familiengemeinde.ch\/index.php\/elementor-4613\/#breadcrumb"},"inLanguage":"de","potentialAction":[{"@type":"ReadAction","target":["https:\/\/familiengemeinde.ch\/index.php\/elementor-4613\/"]}]},{"@type":"ImageObject","inLanguage":"de","@id":"https:\/\/familiengemeinde.ch\/index.php\/elementor-4613\/#primaryimage","url":"https:\/\/familiengemeinde.ch\/wp-content\/uploads\/2017\/01\/logo_heart.png","contentUrl":"https:\/\/familiengemeinde.ch\/wp-content\/uploads\/2017\/01\/logo_heart.png","width":243,"height":243},{"@type":"BreadcrumbList","@id":"https:\/\/familiengemeinde.ch\/index.php\/elementor-4613\/#breadcrumb","itemListElement":[{"@type":"ListItem","position":1,"name":"Startseite","item":"https:\/\/familiengemeinde.ch\/"},{"@type":"ListItem","position":2,"name":"Kennst du Gott?"}]},{"@type":"WebSite","@id":"https:\/\/familiengemeinde.ch\/#website","url":"https:\/\/familiengemeinde.ch\/","name":"Familiengemeinde Langenthal","description":"Freikirche in Langenthal","publisher":{"@id":"https:\/\/familiengemeinde.ch\/#organization"},"potentialAction":[{"@type":"SearchAction","target":{"@type":"EntryPoint","urlTemplate":"https:\/\/familiengemeinde.ch\/?s={search_term_string}"},"query-input":{"@type":"PropertyValueSpecification","valueRequired":true,"valueName":"search_term_string"}}],"inLanguage":"de"},{"@type":"Organization","@id":"https:\/\/familiengemeinde.ch\/#organization","name":"Familiengemeinde Langenthal","url":"https:\/\/familiengemeinde.ch\/","logo":{"@type":"ImageObject","inLanguage":"de","@id":"https:\/\/familiengemeinde.ch\/#\/schema\/logo\/image\/","url":"https:\/\/familiengemeinde.ch\/wp-content\/uploads\/2015\/10\/familiengemeinde_logo-2.png","contentUrl":"https:\/\/familiengemeinde.ch\/wp-content\/uploads\/2015\/10\/familiengemeinde_logo-2.png","width":1868,"height":384,"caption":"Familiengemeinde Langenthal"},"image":{"@id":"https:\/\/familiengemeinde.ch\/#\/schema\/logo\/image\/"}}]}},"_links":{"self":[{"href":"https:\/\/familiengemeinde.ch\/index.php\/wp-json\/wp\/v2\/pages\/4613","targetHints":{"allow":["GET"]}}],"collection":[{"href":"https:\/\/familiengemeinde.ch\/index.php\/wp-json\/wp\/v2\/pages"}],"about":[{"href":"https:\/\/familiengemeinde.ch\/index.php\/wp-json\/wp\/v2\/types\/page"}],"author":[{"embeddable":true,"href":"https:\/\/familiengemeinde.ch\/index.php\/wp-json\/wp\/v2\/users\/1"}],"replies":[{"embeddable":true,"href":"https:\/\/familiengemeinde.ch\/index.php\/wp-json\/wp\/v2\/comments?post=4613"}],"version-history":[{"count":13,"href":"https:\/\/familiengemeinde.ch\/index.php\/wp-json\/wp\/v2\/pages\/4613\/revisions"}],"predecessor-version":[{"id":4626,"href":"https:\/\/familiengemeinde.ch\/index.php\/wp-json\/wp\/v2\/pages\/4613\/revisions\/4626"}],"wp:attachment":[{"href":"https:\/\/familiengemeinde.ch\/index.php\/wp-json\/wp\/v2\/media?parent=4613"}],"curies":[{"name":"wp","href":"https:\/\/api.w.org\/{rel}","templated":true}]}}