{"id":71,"date":"2015-10-29T16:20:48","date_gmt":"2015-10-29T15:20:48","guid":{"rendered":"http:\/\/familiengemeinde.ch\/?page_id=71"},"modified":"2023-07-25T17:07:24","modified_gmt":"2023-07-25T15:07:24","slug":"neu-hier","status":"publish","type":"page","link":"https:\/\/familiengemeinde.ch\/index.php\/neu-hier\/","title":{"rendered":"Neu hier"},"content":{"rendered":"\t\t<div data-elementor-type=\"wp-page\" data-elementor-id=\"71\" class=\"elementor elementor-71\" data-elementor-post-type=\"page\">\n\t\t\t\t\t\t<section class=\"elementor-section elementor-top-section elementor-element elementor-element-507c2b7 elementor-section-boxed elementor-section-height-default elementor-section-height-default\" data-id=\"507c2b7\" data-element_type=\"section\" data-e-type=\"section\">\n\t\t\t\t\t\t<div class=\"elementor-container elementor-column-gap-default\">\n\t\t\t\t\t<div class=\"elementor-column elementor-col-100 elementor-top-column elementor-element elementor-element-191521a\" data-id=\"191521a\" data-element_type=\"column\" data-e-type=\"column\">\n\t\t\t<div class=\"elementor-widget-wrap elementor-element-populated\">\n\t\t\t\t\t\t<div class=\"elementor-element elementor-element-cf104f0 elementor-widget elementor-widget-image\" data-id=\"cf104f0\" data-element_type=\"widget\" data-e-type=\"widget\" data-widget_type=\"image.default\">\n\t\t\t\t<div class=\"elementor-widget-container\">\n\t\t\t\t\t\t\t\t\t\t\t\t\t\t\t<img fetchpriority=\"high\" decoding=\"async\" width=\"1024\" height=\"576\" src=\"https:\/\/familiengemeinde.ch\/wp-content\/uploads\/2020\/09\/wrshpfgl-1024x576.jpg\" class=\"attachment-large size-large wp-image-3046\" alt=\"\" srcset=\"https:\/\/familiengemeinde.ch\/wp-content\/uploads\/2020\/09\/wrshpfgl-1024x576.jpg 1024w, https:\/\/familiengemeinde.ch\/wp-content\/uploads\/2020\/09\/wrshpfgl-300x169.jpg 300w, https:\/\/familiengemeinde.ch\/wp-content\/uploads\/2020\/09\/wrshpfgl-768x432.jpg 768w, https:\/\/familiengemeinde.ch\/wp-content\/uploads\/2020\/09\/wrshpfgl-1536x864.jpg 1536w, https:\/\/familiengemeinde.ch\/wp-content\/uploads\/2020\/09\/wrshpfgl-100x56.jpg 100w, https:\/\/familiengemeinde.ch\/wp-content\/uploads\/2020\/09\/wrshpfgl-1040x585.jpg 1040w, https:\/\/familiengemeinde.ch\/wp-content\/uploads\/2020\/09\/wrshpfgl.jpg 1920w\" sizes=\"(max-width: 1024px) 100vw, 1024px\" \/>\t\t\t\t\t\t\t\t\t\t\t\t\t\t\t<\/div>\n\t\t\t\t<\/div>\n\t\t\t\t\t<\/div>\n\t\t<\/div>\n\t\t\t\t\t<\/div>\n\t\t<\/section>\n\t\t\t\t<section class=\"elementor-section elementor-top-section elementor-element elementor-element-2becace elementor-section-boxed elementor-section-height-default elementor-section-height-default\" data-id=\"2becace\" data-element_type=\"section\" data-e-type=\"section\">\n\t\t\t\t\t\t<div class=\"elementor-container elementor-column-gap-default\">\n\t\t\t\t\t<div class=\"elementor-column elementor-col-100 elementor-top-column elementor-element elementor-element-c5bbcc7\" data-id=\"c5bbcc7\" data-element_type=\"column\" data-e-type=\"column\">\n\t\t\t<div class=\"elementor-widget-wrap elementor-element-populated\">\n\t\t\t\t\t\t<div class=\"elementor-element elementor-element-f44070a elementor-widget elementor-widget-heading\" data-id=\"f44070a\" data-element_type=\"widget\" data-e-type=\"widget\" data-widget_type=\"heading.default\">\n\t\t\t\t<div class=\"elementor-widget-container\">\n\t\t\t\t\t<h2 class=\"elementor-heading-title elementor-size-default\">Die Familiengemeinde Langenthal ist eine lebendige Kirche<br>in der DU willkommen bist, ungeachtet deines Alters, <br>deiner Herkunft und Kultur.<\/h2>\t\t\t\t<\/div>\n\t\t\t\t<\/div>\n\t\t\t\t\t<\/div>\n\t\t<\/div>\n\t\t\t\t\t<\/div>\n\t\t<\/section>\n\t\t\t\t<section class=\"elementor-section elementor-top-section elementor-element elementor-element-2fb3161f elementor-section-boxed elementor-section-height-default elementor-section-height-default\" data-id=\"2fb3161f\" data-element_type=\"section\" data-e-type=\"section\">\n\t\t\t\t\t\t<div class=\"elementor-container elementor-column-gap-default\">\n\t\t\t\t\t<div class=\"elementor-column elementor-col-100 elementor-top-column elementor-element elementor-element-d90d130\" data-id=\"d90d130\" data-element_type=\"column\" data-e-type=\"column\">\n\t\t\t<div class=\"elementor-widget-wrap elementor-element-populated\">\n\t\t\t\t\t\t<div class=\"elementor-element elementor-element-6398dbac elementor-widget elementor-widget-text-editor\" data-id=\"6398dbac\" data-element_type=\"widget\" data-e-type=\"widget\" data-widget_type=\"text-editor.default\">\n\t\t\t\t<div class=\"elementor-widget-container\">\n\t\t\t\t\t\t\t\t\t<p>Sicherlich sind Sie interessiert, was Sie bei der Familiengemeinde erwartet. Hier ein paar informative Punkte, was Sie bei einem Besuch bei uns antreffen werden.<\/p><p><strong>Gesalbte Lobpreis und Anbetungszeit \u2013<\/strong> Dazu geh\u00f6ren Gemeindegesang, rhythmisches Klatschen, Anheben der H\u00e4nde und spontanen Tanz.<\/p><p><strong>Gebet und Dienen \u2013 <\/strong> Eine besondere Zeit, in der die Pastoren und andere Gebetspartner f\u00fcr die Gottesdienstbesucher und deren Bed\u00fcrfnisse mit Handauflegung beten.<\/p><p><strong>Gaben des Heiligen Geistes \u2013<\/strong> wie die Folgenden: Zungensprache (inspiriertes Sprechen in einer unbekannten Sprache); Auslegung der Zungen und Weissagung (zur Erbauung, Best\u00e4tigung und zum Trost der Gemeinde); Wort der Weisheit (ein \u00fcbernat\u00fcrliche Einsicht in einen Teil von Gottes Weisheit, dessen Inhalt sich um die Zukunft); Wort der Erkenntnis (eine \u00fcbernat\u00fcrliche Einsicht in vergangene und gegenw\u00e4rtige Situationen, Tatsachen und Einsicht der Erkenntnis Gottes); Wunder und die Gaben der Heilungen (\u00fcbernat\u00fcrliches Einwirken Gottes welche die Ver\u00e4nderung der nat\u00fcrlichen Ordnung bez\u00fcglich dem Leiblichen K\u00f6rper. Entfernen von Krankheit, Heilung einer Verletzung).<\/p><p><strong>Zeit f\u00fcr Kollekten und Gaben \u2013<\/strong> den Gl\u00e4ubigen geben wir Gelegenheit sich mit dem Plan Gottes des Wohlstands eins zu machen indem sie freiwillig geben. Das geben von Opfergaben und Zehnten ist Teil der Anbetung Gottes. Wir lehren und ermutigen dazu aber jeder entscheidet f\u00fcr sich was er geben will.<\/p><p><strong>Dem Alter gem\u00e4sser Kinderdienst \u2013<\/strong> die Kinder k\u00f6nnen schon von klein auf in ihren entsprechenden Alter Gruppen zusammen eine tolle Zeit erleben.<\/p><p><strong>Lehre und Predigt des Wortes \u2013<\/strong> 45 Minuten von anwendbarem und praktischem Unterricht. Jeder ist ermutigt, eine Bibel mit zu bringen und Notizen zu machen.<\/p><p><strong>Aufruf zur Rettung und Busse \u2013<\/strong> ein sehr wichtiger Teil des Dienstes, bei dem die Menschen, welche entweder Errettung empfangen oder zum Herrn Jesus zur\u00fcckkehren m\u00f6chten, durch den Aufruf von Pastor Thomas eingeladen werden nach vorne zu kommen um im Gebet die Hingabe zu machen. Wir bitten, dass die Gottesdienstbesucher w\u00e4hrend dieser wichtigen Zeit respektvoll gegen\u00fcber den Angesprochenen umgehen und auf ihren Sitzen verbleiben bis diese Zeit des Dienens abgeschlossen ist<\/p><p><strong>Segnung und Entlassung \u2013 <\/strong>Pastor Thomas betet \u00fcber der Gemeinde durch Bekennen und beten f\u00fcr Schutz und Segen \u00fcber allen Besuchern. Nach der Entlassung kann jeder sich mit den anderen Gottesdienstbesuchern treffen, geniessen sie die Gastfreundschaft unseres Cafeteria-Teams.<\/p><p><strong>Andere Dinge, die Sie beobachten k\u00f6nnen \u2013<\/strong> Ank\u00fcndigungen, Kindereinsegnung, spezielle Musik, Gebet f\u00fcr unsere Nation, Zeugnisse von Gottes Segen, Missionsberichte und Berichte von der Bibelschule etc.<br \/>Jeder Dienst in der Familiengemeinde Langenthal wird mit viel Hingabe, Gebet und Studium vorbereitet. Obwohl wir einen generellen Ablauf unseres Gottesdienstes haben sind wir offen f\u00fcr das spontane Wirken des Heiligen Geistes. Wir tun unser Bestes, um allen Besuchern unserer Gottesdienste durch unser Begr\u00fcssungsteam, die Ordner, Kinderdienst-mitarbeitern und Gebetspartnern dienen k\u00f6nnen und Ihr Aufenthalt bei uns so angenehm wie m\u00f6glich ist.<br \/>Wir bitten Sie Ihr Mobiltelefon stumm zu schalten.<br \/>Wir respektieren Ihre Zeit unsere Gottesdienste dauern rund 1 \u00bd Stunden. Es ist unser Wunsch Sie als \u00dcberwinder in Christus in jeglicher Lebenslage zus\u00e4tzlich ausr\u00fcsten zu d\u00fcrfen.<\/p><p>\u00a0<\/p>\t\t\t\t\t\t\t\t<\/div>\n\t\t\t\t<\/div>\n\t\t\t\t\t<\/div>\n\t\t<\/div>\n\t\t\t\t\t<\/div>\n\t\t<\/section>\n\t\t\t\t<\/div>\n\t\t","protected":false},"excerpt":{"rendered":"<p>Die Familiengemeinde Langenthal ist eine lebendige Kirchein der DU willkommen bist, ungeachtet deines Alters, deiner Herkunft und Kultur. Sicherlich sind Sie interessiert, was Sie bei der Familiengemeinde erwartet. Hier ein paar informative Punkte, was Sie bei einem Besuch bei uns antreffen werden. Gesalbte Lobpreis und Anbetungszeit \u2013 Dazu geh\u00f6ren Gemeindegesang, rhythmisches Klatschen, Anheben der H\u00e4nde [&hellip;]<\/p>\n","protected":false},"author":1,"featured_media":0,"parent":0,"menu_order":0,"comment_status":"closed","ping_status":"closed","template":"","meta":{"footnotes":""},"class_list":["post-71","page","type-page","status-publish","hentry","entry"],"yoast_head":"<!-- This site is optimized with the Yoast SEO plugin v27.6 - https:\/\/yoast.com\/product\/yoast-seo-wordpress\/ -->\n<title>Neu hier - Familiengemeinde<\/title>\n<meta name=\"robots\" content=\"index, follow, max-snippet:-1, max-image-preview:large, max-video-preview:-1\" \/>\n<link rel=\"canonical\" href=\"https:\/\/familiengemeinde.ch\/index.php\/neu-hier\/\" \/>\n<meta property=\"og:locale\" content=\"de_DE\" \/>\n<meta property=\"og:type\" content=\"article\" \/>\n<meta property=\"og:title\" content=\"Neu hier - Familiengemeinde\" \/>\n<meta property=\"og:description\" content=\"Die Familiengemeinde Langenthal ist eine lebendige Kirchein der DU willkommen bist, ungeachtet deines Alters, deiner Herkunft und Kultur. Sicherlich sind Sie interessiert, was Sie bei der Familiengemeinde erwartet. Hier ein paar informative Punkte, was Sie bei einem Besuch bei uns antreffen werden. Gesalbte Lobpreis und Anbetungszeit \u2013 Dazu geh\u00f6ren Gemeindegesang, rhythmisches Klatschen, Anheben der H\u00e4nde [&hellip;]\" \/>\n<meta property=\"og:url\" content=\"https:\/\/familiengemeinde.ch\/index.php\/neu-hier\/\" \/>\n<meta property=\"og:site_name\" content=\"Familiengemeinde\" \/>\n<meta property=\"article:modified_time\" content=\"2023-07-25T15:07:24+00:00\" \/>\n<meta property=\"og:image\" content=\"https:\/\/familiengemeinde.ch\/wp-content\/uploads\/2020\/09\/wrshpfgl-1024x576.jpg\" \/>\n<meta name=\"twitter:card\" content=\"summary_large_image\" \/>\n<meta name=\"twitter:label1\" content=\"Gesch\u00e4tzte Lesezeit\" \/>\n\t<meta name=\"twitter:data1\" content=\"3\u00a0Minuten\" \/>\n<script type=\"application\/ld+json\" class=\"yoast-schema-graph\">{\"@context\":\"https:\\\/\\\/schema.org\",\"@graph\":[{\"@type\":\"WebPage\",\"@id\":\"https:\\\/\\\/familiengemeinde.ch\\\/index.php\\\/neu-hier\\\/\",\"url\":\"https:\\\/\\\/familiengemeinde.ch\\\/index.php\\\/neu-hier\\\/\",\"name\":\"Neu hier - Familiengemeinde\",\"isPartOf\":{\"@id\":\"https:\\\/\\\/familiengemeinde.ch\\\/#website\"},\"primaryImageOfPage\":{\"@id\":\"https:\\\/\\\/familiengemeinde.ch\\\/index.php\\\/neu-hier\\\/#primaryimage\"},\"image\":{\"@id\":\"https:\\\/\\\/familiengemeinde.ch\\\/index.php\\\/neu-hier\\\/#primaryimage\"},\"thumbnailUrl\":\"https:\\\/\\\/familiengemeinde.ch\\\/wp-content\\\/uploads\\\/2020\\\/09\\\/wrshpfgl-1024x576.jpg\",\"datePublished\":\"2015-10-29T15:20:48+00:00\",\"dateModified\":\"2023-07-25T15:07:24+00:00\",\"breadcrumb\":{\"@id\":\"https:\\\/\\\/familiengemeinde.ch\\\/index.php\\\/neu-hier\\\/#breadcrumb\"},\"inLanguage\":\"de\",\"potentialAction\":[{\"@type\":\"ReadAction\",\"target\":[\"https:\\\/\\\/familiengemeinde.ch\\\/index.php\\\/neu-hier\\\/\"]}]},{\"@type\":\"ImageObject\",\"inLanguage\":\"de\",\"@id\":\"https:\\\/\\\/familiengemeinde.ch\\\/index.php\\\/neu-hier\\\/#primaryimage\",\"url\":\"https:\\\/\\\/familiengemeinde.ch\\\/wp-content\\\/uploads\\\/2020\\\/09\\\/wrshpfgl.jpg\",\"contentUrl\":\"https:\\\/\\\/familiengemeinde.ch\\\/wp-content\\\/uploads\\\/2020\\\/09\\\/wrshpfgl.jpg\",\"width\":1920,\"height\":1080},{\"@type\":\"BreadcrumbList\",\"@id\":\"https:\\\/\\\/familiengemeinde.ch\\\/index.php\\\/neu-hier\\\/#breadcrumb\",\"itemListElement\":[{\"@type\":\"ListItem\",\"position\":1,\"name\":\"Startseite\",\"item\":\"https:\\\/\\\/familiengemeinde.ch\\\/\"},{\"@type\":\"ListItem\",\"position\":2,\"name\":\"Neu hier\"}]},{\"@type\":\"WebSite\",\"@id\":\"https:\\\/\\\/familiengemeinde.ch\\\/#website\",\"url\":\"https:\\\/\\\/familiengemeinde.ch\\\/\",\"name\":\"Familiengemeinde Langenthal\",\"description\":\"Freikirche in Langenthal\",\"publisher\":{\"@id\":\"https:\\\/\\\/familiengemeinde.ch\\\/#organization\"},\"potentialAction\":[{\"@type\":\"SearchAction\",\"target\":{\"@type\":\"EntryPoint\",\"urlTemplate\":\"https:\\\/\\\/familiengemeinde.ch\\\/?s={search_term_string}\"},\"query-input\":{\"@type\":\"PropertyValueSpecification\",\"valueRequired\":true,\"valueName\":\"search_term_string\"}}],\"inLanguage\":\"de\"},{\"@type\":\"Organization\",\"@id\":\"https:\\\/\\\/familiengemeinde.ch\\\/#organization\",\"name\":\"Familiengemeinde Langenthal\",\"url\":\"https:\\\/\\\/familiengemeinde.ch\\\/\",\"logo\":{\"@type\":\"ImageObject\",\"inLanguage\":\"de\",\"@id\":\"https:\\\/\\\/familiengemeinde.ch\\\/#\\\/schema\\\/logo\\\/image\\\/\",\"url\":\"https:\\\/\\\/familiengemeinde.ch\\\/wp-content\\\/uploads\\\/2015\\\/10\\\/familiengemeinde_logo-2.png\",\"contentUrl\":\"https:\\\/\\\/familiengemeinde.ch\\\/wp-content\\\/uploads\\\/2015\\\/10\\\/familiengemeinde_logo-2.png\",\"width\":1868,\"height\":384,\"caption\":\"Familiengemeinde Langenthal\"},\"image\":{\"@id\":\"https:\\\/\\\/familiengemeinde.ch\\\/#\\\/schema\\\/logo\\\/image\\\/\"}}]}<\/script>\n<!-- \/ Yoast SEO plugin. -->","yoast_head_json":{"title":"Neu hier - Familiengemeinde","robots":{"index":"index","follow":"follow","max-snippet":"max-snippet:-1","max-image-preview":"max-image-preview:large","max-video-preview":"max-video-preview:-1"},"canonical":"https:\/\/familiengemeinde.ch\/index.php\/neu-hier\/","og_locale":"de_DE","og_type":"article","og_title":"Neu hier - Familiengemeinde","og_description":"Die Familiengemeinde Langenthal ist eine lebendige Kirchein der DU willkommen bist, ungeachtet deines Alters, deiner Herkunft und Kultur. Sicherlich sind Sie interessiert, was Sie bei der Familiengemeinde erwartet. Hier ein paar informative Punkte, was Sie bei einem Besuch bei uns antreffen werden. Gesalbte Lobpreis und Anbetungszeit \u2013 Dazu geh\u00f6ren Gemeindegesang, rhythmisches Klatschen, Anheben der H\u00e4nde [&hellip;]","og_url":"https:\/\/familiengemeinde.ch\/index.php\/neu-hier\/","og_site_name":"Familiengemeinde","article_modified_time":"2023-07-25T15:07:24+00:00","og_image":[{"url":"https:\/\/familiengemeinde.ch\/wp-content\/uploads\/2020\/09\/wrshpfgl-1024x576.jpg","type":"","width":"","height":""}],"twitter_card":"summary_large_image","twitter_misc":{"Gesch\u00e4tzte Lesezeit":"3\u00a0Minuten"},"schema":{"@context":"https:\/\/schema.org","@graph":[{"@type":"WebPage","@id":"https:\/\/familiengemeinde.ch\/index.php\/neu-hier\/","url":"https:\/\/familiengemeinde.ch\/index.php\/neu-hier\/","name":"Neu hier - Familiengemeinde","isPartOf":{"@id":"https:\/\/familiengemeinde.ch\/#website"},"primaryImageOfPage":{"@id":"https:\/\/familiengemeinde.ch\/index.php\/neu-hier\/#primaryimage"},"image":{"@id":"https:\/\/familiengemeinde.ch\/index.php\/neu-hier\/#primaryimage"},"thumbnailUrl":"https:\/\/familiengemeinde.ch\/wp-content\/uploads\/2020\/09\/wrshpfgl-1024x576.jpg","datePublished":"2015-10-29T15:20:48+00:00","dateModified":"2023-07-25T15:07:24+00:00","breadcrumb":{"@id":"https:\/\/familiengemeinde.ch\/index.php\/neu-hier\/#breadcrumb"},"inLanguage":"de","potentialAction":[{"@type":"ReadAction","target":["https:\/\/familiengemeinde.ch\/index.php\/neu-hier\/"]}]},{"@type":"ImageObject","inLanguage":"de","@id":"https:\/\/familiengemeinde.ch\/index.php\/neu-hier\/#primaryimage","url":"https:\/\/familiengemeinde.ch\/wp-content\/uploads\/2020\/09\/wrshpfgl.jpg","contentUrl":"https:\/\/familiengemeinde.ch\/wp-content\/uploads\/2020\/09\/wrshpfgl.jpg","width":1920,"height":1080},{"@type":"BreadcrumbList","@id":"https:\/\/familiengemeinde.ch\/index.php\/neu-hier\/#breadcrumb","itemListElement":[{"@type":"ListItem","position":1,"name":"Startseite","item":"https:\/\/familiengemeinde.ch\/"},{"@type":"ListItem","position":2,"name":"Neu hier"}]},{"@type":"WebSite","@id":"https:\/\/familiengemeinde.ch\/#website","url":"https:\/\/familiengemeinde.ch\/","name":"Familiengemeinde Langenthal","description":"Freikirche in Langenthal","publisher":{"@id":"https:\/\/familiengemeinde.ch\/#organization"},"potentialAction":[{"@type":"SearchAction","target":{"@type":"EntryPoint","urlTemplate":"https:\/\/familiengemeinde.ch\/?s={search_term_string}"},"query-input":{"@type":"PropertyValueSpecification","valueRequired":true,"valueName":"search_term_string"}}],"inLanguage":"de"},{"@type":"Organization","@id":"https:\/\/familiengemeinde.ch\/#organization","name":"Familiengemeinde Langenthal","url":"https:\/\/familiengemeinde.ch\/","logo":{"@type":"ImageObject","inLanguage":"de","@id":"https:\/\/familiengemeinde.ch\/#\/schema\/logo\/image\/","url":"https:\/\/familiengemeinde.ch\/wp-content\/uploads\/2015\/10\/familiengemeinde_logo-2.png","contentUrl":"https:\/\/familiengemeinde.ch\/wp-content\/uploads\/2015\/10\/familiengemeinde_logo-2.png","width":1868,"height":384,"caption":"Familiengemeinde Langenthal"},"image":{"@id":"https:\/\/familiengemeinde.ch\/#\/schema\/logo\/image\/"}}]}},"_links":{"self":[{"href":"https:\/\/familiengemeinde.ch\/index.php\/wp-json\/wp\/v2\/pages\/71","targetHints":{"allow":["GET"]}}],"collection":[{"href":"https:\/\/familiengemeinde.ch\/index.php\/wp-json\/wp\/v2\/pages"}],"about":[{"href":"https:\/\/familiengemeinde.ch\/index.php\/wp-json\/wp\/v2\/types\/page"}],"author":[{"embeddable":true,"href":"https:\/\/familiengemeinde.ch\/index.php\/wp-json\/wp\/v2\/users\/1"}],"replies":[{"embeddable":true,"href":"https:\/\/familiengemeinde.ch\/index.php\/wp-json\/wp\/v2\/comments?post=71"}],"version-history":[{"count":21,"href":"https:\/\/familiengemeinde.ch\/index.php\/wp-json\/wp\/v2\/pages\/71\/revisions"}],"predecessor-version":[{"id":4642,"href":"https:\/\/familiengemeinde.ch\/index.php\/wp-json\/wp\/v2\/pages\/71\/revisions\/4642"}],"wp:attachment":[{"href":"https:\/\/familiengemeinde.ch\/index.php\/wp-json\/wp\/v2\/media?parent=71"}],"curies":[{"name":"wp","href":"https:\/\/api.w.org\/{rel}","templated":true}]}}