{"id":810,"date":"2016-04-23T21:59:22","date_gmt":"2016-04-23T19:59:22","guid":{"rendered":"http:\/\/familiengemeinde.ch\/?page_id=810"},"modified":"2022-09-20T10:19:21","modified_gmt":"2022-09-20T08:19:21","slug":"ch-gebet-gebet-fuer-die-schweiz","status":"publish","type":"page","link":"https:\/\/familiengemeinde.ch\/index.php\/ch-gebet-gebet-fuer-die-schweiz\/","title":{"rendered":"CH-Gebet  Gebet f\u00fcr die Schweiz"},"content":{"rendered":"<div id=\"pl-810\"  class=\"panel-layout\" ><div id=\"pg-810-0\"  class=\"panel-grid panel-no-style\" ><div id=\"pgc-810-0-0\"  class=\"panel-grid-cell\" ><div id=\"panel-810-0-0-0\" class=\"so-panel widget widget_sow-editor panel-first-child\" data-index=\"0\" ><div\n\t\t\t\n\t\t\tclass=\"so-widget-sow-editor so-widget-sow-editor-base\"\n\t\t\t\n\t\t>\n<div class=\"siteorigin-widget-tinymce textwidget\">\n\t<h3 class=\"widget-title\"><strong>Die Schweiz braucht Gebet!<\/strong><\/h3>\n<p><a href=\"http:\/\/familiengemeinde.ch\/wp-content\/uploads\/2016\/04\/switzerland-156214_1280.png\"><img decoding=\"async\" class=\"wp-image-811 alignleft\" src=\"http:\/\/familiengemeinde.ch\/wp-content\/uploads\/2016\/04\/switzerland-156214_1280-300x300.png\" alt=\"switzerland-156214_1280\" width=\"212\" height=\"212\" srcset=\"https:\/\/familiengemeinde.ch\/wp-content\/uploads\/2016\/04\/switzerland-156214_1280-300x300.png 300w, https:\/\/familiengemeinde.ch\/wp-content\/uploads\/2016\/04\/switzerland-156214_1280-150x150.png 150w, https:\/\/familiengemeinde.ch\/wp-content\/uploads\/2016\/04\/switzerland-156214_1280-768x768.png 768w, https:\/\/familiengemeinde.ch\/wp-content\/uploads\/2016\/04\/switzerland-156214_1280-1024x1024.png 1024w, https:\/\/familiengemeinde.ch\/wp-content\/uploads\/2016\/04\/switzerland-156214_1280-100x100.png 100w, https:\/\/familiengemeinde.ch\/wp-content\/uploads\/2016\/04\/switzerland-156214_1280-1040x1040.png 1040w, https:\/\/familiengemeinde.ch\/wp-content\/uploads\/2016\/04\/switzerland-156214_1280.png 1280w\" sizes=\"(max-width: 212px) 100vw, 212px\" \/><\/a>Wir wollen unser Land nicht einfach dem Schicksal \u00fcberlassen, darum<br \/> \u00fcbernehmen wir Verantwortung und stehen in F\u00fcrbitte f\u00fcr die Schweiz ein.<\/p>\n<h3><strong>Finanzkrise, \u00dcberwachung, Schulbildung,\u00a0 EU wohin?<\/strong><\/h3>\n<p>Die Bibel sagt:<\/p>\n<p><strong>Psalm 33,12<\/strong>\u00a0 Wohl dem Volk, dessen Gott der Herr ist, dem Volk das Er sich zu seinem Erbe erw\u00e4hlt hat.<\/p>\n<p><strong>1.Tim.2,1-3<\/strong>\u00a0 So ermahne ich, dass man vor allen Dingen Bitte, Gebete, F\u00fcrbitte und Danksagung f\u00fcr alle Menschen darbringe, damit wir ein ruhiges und stilles Leben f\u00fchren k\u00f6nnen.<\/p>\n<p><strong>Spr. 21,1<\/strong>\u00a0 Gleich Wasserb\u00e4chen ist des K\u00f6nigs Herz in der Hand des Herrn; Er leitet sie wohin Er will.<\/p>\n<p><strong>Matth. 18,18<\/strong>\u00a0 Was Ihr auf Erden bindet, ist im Himmel gebunden und was ihr auf Erden l\u00f6st ist auch im Himmel gel\u00f6st.<\/p>\n<p><strong>Psalm 2,8<\/strong>\u00a0 Heische von mir, so will ich dir die Nationen zum Erbe geben und die Enden der Erde zu deinem Eigentum.<\/p>\n<p><strong>2.Chr. 7,14\u00a0<\/strong> Wenn mein Volk sich dem\u00fctigt und sie beten und mein Angesicht suchen, werde ich sie vom Himmel her h\u00f6ren und ihre S\u00fcnden vergeben und ihr Land heilen.<\/p>\n<p>\u00a0<\/p>\n<h3>Momentan ist das \"Gebet f\u00fcr die Schweiz\" im unserem <a href=\"http:\/\/familiengemeinde.ch\/index.php\/lobpreisabend\/\">Lobpreisabend \"praise and pray\"<\/a> integriert!<\/h3>\n<\/div>\n<\/div><\/div><div id=\"panel-810-0-0-1\" class=\"so-panel widget widget_sow-button panel-last-child\" data-index=\"1\" ><div\n\t\t\t\n\t\t\tclass=\"so-widget-sow-button so-widget-sow-button-atom-8b1bceefee76-810\"\n\t\t\t\n\t\t><div class=\"ow-button-base ow-button-align-center\"\n>\n\t\t\t<a\n\t\t\t\t\thref=\"https:\/\/familiengemeinde.ch\/wp-content\/uploads\/2022\/09\/wie-beten-wir-fuer-unsere-Nation_2022.pdf\"\n\t\t\t\t\tclass=\"sowb-button ow-icon-placement-left ow-button-hover\" target=\"_blank\" rel=\"noopener noreferrer\" \t>\n\t\t<span>\n\t\t\t\t\t\t\t<div class=\"sow-icon-image\" style=\"background-image: url(https:\/\/familiengemeinde.ch\/wp-content\/uploads\/2016\/04\/switzerland-156214_1280-150x150.png)\"><\/div>\n\t\t\t\t\n\t\t\twie beten wir f\u00fcr unsere Nation?  Ein Bekenntnis. pdf download\t\t<\/span>\n\t\t\t<\/a>\n\t<\/div>\n<\/div><\/div><\/div><\/div><\/div>","protected":false},"excerpt":{"rendered":"<p>Die Schweiz braucht Gebet! Wir wollen unser Land nicht einfach dem Schicksal \u00fcberlassen, darum \u00fcbernehmen wir Verantwortung und stehen in F\u00fcrbitte f\u00fcr die Schweiz ein. Finanzkrise, \u00dcberwachung, Schulbildung,\u00a0 EU wohin? Die Bibel sagt: Psalm 33,12\u00a0 Wohl dem Volk, dessen Gott der Herr ist, dem Volk das Er sich zu seinem Erbe erw\u00e4hlt hat. 1.Tim.2,1-3\u00a0 So [&hellip;]<\/p>\n","protected":false},"author":1,"featured_media":0,"parent":0,"menu_order":0,"comment_status":"closed","ping_status":"closed","template":"","meta":{"footnotes":""},"class_list":["post-810","page","type-page","status-publish","hentry","entry"],"yoast_head":"<!-- This site is optimized with the Yoast SEO plugin v27.6 - https:\/\/yoast.com\/product\/yoast-seo-wordpress\/ -->\n<title>CH-Gebet Gebet f\u00fcr die Schweiz - Familiengemeinde<\/title>\n<meta name=\"robots\" content=\"index, follow, max-snippet:-1, max-image-preview:large, max-video-preview:-1\" \/>\n<link rel=\"canonical\" href=\"https:\/\/familiengemeinde.ch\/index.php\/kleingruppen__trashed\/ch-gebet-gebet-fuer-die-schweiz\/\" \/>\n<meta property=\"og:locale\" content=\"de_DE\" \/>\n<meta property=\"og:type\" content=\"article\" \/>\n<meta property=\"og:title\" content=\"CH-Gebet Gebet f\u00fcr die Schweiz - Familiengemeinde\" \/>\n<meta property=\"og:description\" content=\"Die Schweiz braucht Gebet! Wir wollen unser Land nicht einfach dem Schicksal \u00fcberlassen, darum \u00fcbernehmen wir Verantwortung und stehen in F\u00fcrbitte f\u00fcr die Schweiz ein. Finanzkrise, \u00dcberwachung, Schulbildung,\u00a0 EU wohin? Die Bibel sagt: Psalm 33,12\u00a0 Wohl dem Volk, dessen Gott der Herr ist, dem Volk das Er sich zu seinem Erbe erw\u00e4hlt hat. 1.Tim.2,1-3\u00a0 So [&hellip;]\" \/>\n<meta property=\"og:url\" content=\"https:\/\/familiengemeinde.ch\/index.php\/kleingruppen__trashed\/ch-gebet-gebet-fuer-die-schweiz\/\" \/>\n<meta property=\"og:site_name\" content=\"Familiengemeinde\" \/>\n<meta property=\"article:modified_time\" content=\"2022-09-20T08:19:21+00:00\" \/>\n<meta property=\"og:image\" content=\"http:\/\/familiengemeinde.ch\/wp-content\/uploads\/2016\/04\/switzerland-156214_1280-300x300.png\" \/>\n<meta name=\"twitter:card\" content=\"summary_large_image\" \/>\n<meta name=\"twitter:label1\" content=\"Gesch\u00e4tzte Lesezeit\" \/>\n\t<meta name=\"twitter:data1\" content=\"1\u00a0Minute\" \/>\n<script type=\"application\/ld+json\" class=\"yoast-schema-graph\">{\"@context\":\"https:\\\/\\\/schema.org\",\"@graph\":[{\"@type\":\"WebPage\",\"@id\":\"https:\\\/\\\/familiengemeinde.ch\\\/index.php\\\/kleingruppen__trashed\\\/ch-gebet-gebet-fuer-die-schweiz\\\/\",\"url\":\"https:\\\/\\\/familiengemeinde.ch\\\/index.php\\\/kleingruppen__trashed\\\/ch-gebet-gebet-fuer-die-schweiz\\\/\",\"name\":\"CH-Gebet Gebet f\u00fcr die Schweiz - Familiengemeinde\",\"isPartOf\":{\"@id\":\"https:\\\/\\\/familiengemeinde.ch\\\/#website\"},\"primaryImageOfPage\":{\"@id\":\"https:\\\/\\\/familiengemeinde.ch\\\/index.php\\\/kleingruppen__trashed\\\/ch-gebet-gebet-fuer-die-schweiz\\\/#primaryimage\"},\"image\":{\"@id\":\"https:\\\/\\\/familiengemeinde.ch\\\/index.php\\\/kleingruppen__trashed\\\/ch-gebet-gebet-fuer-die-schweiz\\\/#primaryimage\"},\"thumbnailUrl\":\"http:\\\/\\\/familiengemeinde.ch\\\/wp-content\\\/uploads\\\/2016\\\/04\\\/switzerland-156214_1280-300x300.png\",\"datePublished\":\"2016-04-23T19:59:22+00:00\",\"dateModified\":\"2022-09-20T08:19:21+00:00\",\"breadcrumb\":{\"@id\":\"https:\\\/\\\/familiengemeinde.ch\\\/index.php\\\/kleingruppen__trashed\\\/ch-gebet-gebet-fuer-die-schweiz\\\/#breadcrumb\"},\"inLanguage\":\"de\",\"potentialAction\":[{\"@type\":\"ReadAction\",\"target\":[\"https:\\\/\\\/familiengemeinde.ch\\\/index.php\\\/kleingruppen__trashed\\\/ch-gebet-gebet-fuer-die-schweiz\\\/\"]}]},{\"@type\":\"ImageObject\",\"inLanguage\":\"de\",\"@id\":\"https:\\\/\\\/familiengemeinde.ch\\\/index.php\\\/kleingruppen__trashed\\\/ch-gebet-gebet-fuer-die-schweiz\\\/#primaryimage\",\"url\":\"https:\\\/\\\/familiengemeinde.ch\\\/wp-content\\\/uploads\\\/2016\\\/04\\\/switzerland-156214_1280.png\",\"contentUrl\":\"https:\\\/\\\/familiengemeinde.ch\\\/wp-content\\\/uploads\\\/2016\\\/04\\\/switzerland-156214_1280.png\",\"width\":1280,\"height\":1280},{\"@type\":\"BreadcrumbList\",\"@id\":\"https:\\\/\\\/familiengemeinde.ch\\\/index.php\\\/kleingruppen__trashed\\\/ch-gebet-gebet-fuer-die-schweiz\\\/#breadcrumb\",\"itemListElement\":[{\"@type\":\"ListItem\",\"position\":1,\"name\":\"Startseite\",\"item\":\"https:\\\/\\\/familiengemeinde.ch\\\/\"},{\"@type\":\"ListItem\",\"position\":2,\"name\":\"CH-Gebet Gebet f\u00fcr die Schweiz\"}]},{\"@type\":\"WebSite\",\"@id\":\"https:\\\/\\\/familiengemeinde.ch\\\/#website\",\"url\":\"https:\\\/\\\/familiengemeinde.ch\\\/\",\"name\":\"Familiengemeinde Langenthal\",\"description\":\"Freikirche in Langenthal\",\"publisher\":{\"@id\":\"https:\\\/\\\/familiengemeinde.ch\\\/#organization\"},\"potentialAction\":[{\"@type\":\"SearchAction\",\"target\":{\"@type\":\"EntryPoint\",\"urlTemplate\":\"https:\\\/\\\/familiengemeinde.ch\\\/?s={search_term_string}\"},\"query-input\":{\"@type\":\"PropertyValueSpecification\",\"valueRequired\":true,\"valueName\":\"search_term_string\"}}],\"inLanguage\":\"de\"},{\"@type\":\"Organization\",\"@id\":\"https:\\\/\\\/familiengemeinde.ch\\\/#organization\",\"name\":\"Familiengemeinde Langenthal\",\"url\":\"https:\\\/\\\/familiengemeinde.ch\\\/\",\"logo\":{\"@type\":\"ImageObject\",\"inLanguage\":\"de\",\"@id\":\"https:\\\/\\\/familiengemeinde.ch\\\/#\\\/schema\\\/logo\\\/image\\\/\",\"url\":\"https:\\\/\\\/familiengemeinde.ch\\\/wp-content\\\/uploads\\\/2015\\\/10\\\/familiengemeinde_logo-2.png\",\"contentUrl\":\"https:\\\/\\\/familiengemeinde.ch\\\/wp-content\\\/uploads\\\/2015\\\/10\\\/familiengemeinde_logo-2.png\",\"width\":1868,\"height\":384,\"caption\":\"Familiengemeinde Langenthal\"},\"image\":{\"@id\":\"https:\\\/\\\/familiengemeinde.ch\\\/#\\\/schema\\\/logo\\\/image\\\/\"}}]}<\/script>\n<!-- \/ Yoast SEO plugin. -->","yoast_head_json":{"title":"CH-Gebet Gebet f\u00fcr die Schweiz - Familiengemeinde","robots":{"index":"index","follow":"follow","max-snippet":"max-snippet:-1","max-image-preview":"max-image-preview:large","max-video-preview":"max-video-preview:-1"},"canonical":"https:\/\/familiengemeinde.ch\/index.php\/kleingruppen__trashed\/ch-gebet-gebet-fuer-die-schweiz\/","og_locale":"de_DE","og_type":"article","og_title":"CH-Gebet Gebet f\u00fcr die Schweiz - Familiengemeinde","og_description":"Die Schweiz braucht Gebet! Wir wollen unser Land nicht einfach dem Schicksal \u00fcberlassen, darum \u00fcbernehmen wir Verantwortung und stehen in F\u00fcrbitte f\u00fcr die Schweiz ein. Finanzkrise, \u00dcberwachung, Schulbildung,\u00a0 EU wohin? Die Bibel sagt: Psalm 33,12\u00a0 Wohl dem Volk, dessen Gott der Herr ist, dem Volk das Er sich zu seinem Erbe erw\u00e4hlt hat. 1.Tim.2,1-3\u00a0 So [&hellip;]","og_url":"https:\/\/familiengemeinde.ch\/index.php\/kleingruppen__trashed\/ch-gebet-gebet-fuer-die-schweiz\/","og_site_name":"Familiengemeinde","article_modified_time":"2022-09-20T08:19:21+00:00","og_image":[{"url":"http:\/\/familiengemeinde.ch\/wp-content\/uploads\/2016\/04\/switzerland-156214_1280-300x300.png","type":"","width":"","height":""}],"twitter_card":"summary_large_image","twitter_misc":{"Gesch\u00e4tzte Lesezeit":"1\u00a0Minute"},"schema":{"@context":"https:\/\/schema.org","@graph":[{"@type":"WebPage","@id":"https:\/\/familiengemeinde.ch\/index.php\/kleingruppen__trashed\/ch-gebet-gebet-fuer-die-schweiz\/","url":"https:\/\/familiengemeinde.ch\/index.php\/kleingruppen__trashed\/ch-gebet-gebet-fuer-die-schweiz\/","name":"CH-Gebet Gebet f\u00fcr die Schweiz - Familiengemeinde","isPartOf":{"@id":"https:\/\/familiengemeinde.ch\/#website"},"primaryImageOfPage":{"@id":"https:\/\/familiengemeinde.ch\/index.php\/kleingruppen__trashed\/ch-gebet-gebet-fuer-die-schweiz\/#primaryimage"},"image":{"@id":"https:\/\/familiengemeinde.ch\/index.php\/kleingruppen__trashed\/ch-gebet-gebet-fuer-die-schweiz\/#primaryimage"},"thumbnailUrl":"http:\/\/familiengemeinde.ch\/wp-content\/uploads\/2016\/04\/switzerland-156214_1280-300x300.png","datePublished":"2016-04-23T19:59:22+00:00","dateModified":"2022-09-20T08:19:21+00:00","breadcrumb":{"@id":"https:\/\/familiengemeinde.ch\/index.php\/kleingruppen__trashed\/ch-gebet-gebet-fuer-die-schweiz\/#breadcrumb"},"inLanguage":"de","potentialAction":[{"@type":"ReadAction","target":["https:\/\/familiengemeinde.ch\/index.php\/kleingruppen__trashed\/ch-gebet-gebet-fuer-die-schweiz\/"]}]},{"@type":"ImageObject","inLanguage":"de","@id":"https:\/\/familiengemeinde.ch\/index.php\/kleingruppen__trashed\/ch-gebet-gebet-fuer-die-schweiz\/#primaryimage","url":"https:\/\/familiengemeinde.ch\/wp-content\/uploads\/2016\/04\/switzerland-156214_1280.png","contentUrl":"https:\/\/familiengemeinde.ch\/wp-content\/uploads\/2016\/04\/switzerland-156214_1280.png","width":1280,"height":1280},{"@type":"BreadcrumbList","@id":"https:\/\/familiengemeinde.ch\/index.php\/kleingruppen__trashed\/ch-gebet-gebet-fuer-die-schweiz\/#breadcrumb","itemListElement":[{"@type":"ListItem","position":1,"name":"Startseite","item":"https:\/\/familiengemeinde.ch\/"},{"@type":"ListItem","position":2,"name":"CH-Gebet Gebet f\u00fcr die Schweiz"}]},{"@type":"WebSite","@id":"https:\/\/familiengemeinde.ch\/#website","url":"https:\/\/familiengemeinde.ch\/","name":"Familiengemeinde Langenthal","description":"Freikirche in Langenthal","publisher":{"@id":"https:\/\/familiengemeinde.ch\/#organization"},"potentialAction":[{"@type":"SearchAction","target":{"@type":"EntryPoint","urlTemplate":"https:\/\/familiengemeinde.ch\/?s={search_term_string}"},"query-input":{"@type":"PropertyValueSpecification","valueRequired":true,"valueName":"search_term_string"}}],"inLanguage":"de"},{"@type":"Organization","@id":"https:\/\/familiengemeinde.ch\/#organization","name":"Familiengemeinde Langenthal","url":"https:\/\/familiengemeinde.ch\/","logo":{"@type":"ImageObject","inLanguage":"de","@id":"https:\/\/familiengemeinde.ch\/#\/schema\/logo\/image\/","url":"https:\/\/familiengemeinde.ch\/wp-content\/uploads\/2015\/10\/familiengemeinde_logo-2.png","contentUrl":"https:\/\/familiengemeinde.ch\/wp-content\/uploads\/2015\/10\/familiengemeinde_logo-2.png","width":1868,"height":384,"caption":"Familiengemeinde Langenthal"},"image":{"@id":"https:\/\/familiengemeinde.ch\/#\/schema\/logo\/image\/"}}]}},"_links":{"self":[{"href":"https:\/\/familiengemeinde.ch\/index.php\/wp-json\/wp\/v2\/pages\/810","targetHints":{"allow":["GET"]}}],"collection":[{"href":"https:\/\/familiengemeinde.ch\/index.php\/wp-json\/wp\/v2\/pages"}],"about":[{"href":"https:\/\/familiengemeinde.ch\/index.php\/wp-json\/wp\/v2\/types\/page"}],"author":[{"embeddable":true,"href":"https:\/\/familiengemeinde.ch\/index.php\/wp-json\/wp\/v2\/users\/1"}],"replies":[{"embeddable":true,"href":"https:\/\/familiengemeinde.ch\/index.php\/wp-json\/wp\/v2\/comments?post=810"}],"version-history":[{"count":12,"href":"https:\/\/familiengemeinde.ch\/index.php\/wp-json\/wp\/v2\/pages\/810\/revisions"}],"predecessor-version":[{"id":3867,"href":"https:\/\/familiengemeinde.ch\/index.php\/wp-json\/wp\/v2\/pages\/810\/revisions\/3867"}],"wp:attachment":[{"href":"https:\/\/familiengemeinde.ch\/index.php\/wp-json\/wp\/v2\/media?parent=810"}],"curies":[{"name":"wp","href":"https:\/\/api.w.org\/{rel}","templated":true}]}}